{"id":1037,"date":"2022-06-07T12:08:51","date_gmt":"2022-06-07T10:08:51","guid":{"rendered":"http:\/\/leboisdavanton.fr\/?page_id=1037"},"modified":"2026-01-18T16:03:55","modified_gmt":"2026-01-18T15:03:55","slug":"meditation-poitiers-methode-tangram-et-seances-reiki","status":"publish","type":"page","link":"https:\/\/leboisdavanton.fr\/?page_id=1037","title":{"rendered":"M\u00e9ditation POITIERS m\u00e9thode TANGRAM et s\u00e9ances REIKI"},"content":{"rendered":"\n\n\n<h2 class=\"wp-block-heading has-text-align-center\">M\u00e9ditation POITIERS m\u00e9thode TANGRAM et s\u00e9ances REIKI<\/h2>\n\n\n\n<p class=\"has-text-align-center\" style=\"font-size:28px\"> <span style=\"color:#0693e3\" class=\"tadv-color\"><strong>Pour acc\u00e9der  \u00e0 mon site cliquez sur la carte de visite ci dessous :<\/strong> <\/span><\/p>\n\n\n\n<p><a href=\"https:\/\/energiesdestemples.fr\/\" target=\"_blank\" rel=\"noopener noreferrer\">&nbsp;<\/a><a href=\"https:\/\/energiesdestemples.fr\/\" target=\"_blank\" rel=\"noopener noreferrer\"><img loading=\"lazy\" decoding=\"async\" class=\"aligncenter wp-image-1113 size-full\" src=\"https:\/\/leboisdavanton.fr\/wp-content\/uploads\/2023\/08\/coach-de-m\u00e9ditation-poitiers-vienne-86000.jpeg\" alt=\"carte de visite du centre de m\u00e9ditation\" width=\"571\" height=\"362\" srcset=\"https:\/\/leboisdavanton.fr\/wp-content\/uploads\/2023\/08\/coach-de-m\u00e9ditation-poitiers-vienne-86000.jpeg 571w, https:\/\/leboisdavanton.fr\/wp-content\/uploads\/2023\/08\/coach-de-m\u00e9ditation-poitiers-vienne-86000-300x190.jpeg 300w\" sizes=\"auto, (max-width: 571px) 100vw, 571px\" \/><\/a><\/p>\n<p><a href=\"https:\/\/energiesdestemples.fr\/meditation-tangram-bouddhiste-zen-pleine-conscience\/\" target=\"_blank\" rel=\"noopener\"><img loading=\"lazy\" decoding=\"async\" class=\"aligncenter wp-image-1123\" src=\"https:\/\/leboisdavanton.fr\/wp-content\/uploads\/2023\/08\/Meditation-poitiers-scaled.jpg\" alt=\"\" width=\"568\" height=\"426\" srcset=\"https:\/\/leboisdavanton.fr\/wp-content\/uploads\/2023\/08\/Meditation-poitiers-scaled.jpg 2560w, https:\/\/leboisdavanton.fr\/wp-content\/uploads\/2023\/08\/Meditation-poitiers-300x225.jpg 300w, https:\/\/leboisdavanton.fr\/wp-content\/uploads\/2023\/08\/Meditation-poitiers-1024x768.jpg 1024w, https:\/\/leboisdavanton.fr\/wp-content\/uploads\/2023\/08\/Meditation-poitiers-768x576.jpg 768w, https:\/\/leboisdavanton.fr\/wp-content\/uploads\/2023\/08\/Meditation-poitiers-1536x1152.jpg 1536w, https:\/\/leboisdavanton.fr\/wp-content\/uploads\/2023\/08\/Meditation-poitiers-2048x1536.jpg 2048w, https:\/\/leboisdavanton.fr\/wp-content\/uploads\/2023\/08\/Meditation-poitiers-1440x1080.jpg 1440w\" sizes=\"auto, (max-width: 568px) 100vw, 568px\" \/><\/a><\/p>\n","protected":false},"excerpt":{"rendered":"<p>M\u00e9ditation POITIERS m\u00e9thode TANGRAM et s\u00e9ances REIKI Pour acc\u00e9der \u00e0 mon site cliquez sur la carte de visite ci dessous : &nbsp;<\/p>\n","protected":false},"author":2,"featured_media":1113,"parent":0,"menu_order":0,"comment_status":"closed","ping_status":"closed","template":"","meta":{"ngg_post_thumbnail":0,"footnotes":""},"class_list":["post-1037","page","type-page","status-publish","has-post-thumbnail","hentry"],"yoast_head":"<!-- This site is optimized with the Yoast SEO plugin v27.5 - https:\/\/yoast.com\/product\/yoast-seo-wordpress\/ -->\n<title>M\u00e9ditation POITIERS m\u00e9thode TANGRAM et s\u00e9ances REIKI - Pension Canine Familiale-Les Bois d&#039;Avanton Poitiers-Vienne- 86<\/title>\n<meta name=\"description\" content=\"Coach en m\u00e9ditation et je vais vous apprendre \u00e0 m\u00e9diter et non \u00e0 vous relaxer, le Reiki vous permettra de vivre avec le monde \u00e9nerg\u00e9tique.\" \/>\n<meta name=\"robots\" content=\"index, follow, max-snippet:-1, max-image-preview:large, max-video-preview:-1\" \/>\n<link rel=\"canonical\" href=\"https:\/\/leboisdavanton.fr\/?page_id=1037\" \/>\n<meta property=\"og:locale\" content=\"fr_FR\" \/>\n<meta property=\"og:type\" content=\"article\" \/>\n<meta property=\"og:title\" content=\"M\u00e9ditation POITIERS m\u00e9thode TANGRAM et s\u00e9ances REIKI - Pension Canine Familiale-Les Bois d&#039;Avanton Poitiers-Vienne- 86\" \/>\n<meta property=\"og:description\" content=\"Coach en m\u00e9ditation et je vais vous apprendre \u00e0 m\u00e9diter et non \u00e0 vous relaxer, le Reiki vous permettra de vivre avec le monde \u00e9nerg\u00e9tique.\" \/>\n<meta property=\"og:url\" content=\"https:\/\/leboisdavanton.fr\/?page_id=1037\" \/>\n<meta property=\"og:site_name\" content=\"Pension Canine Familiale-Les Bois d&#039;Avanton Poitiers-Vienne- 86\" \/>\n<meta property=\"article:modified_time\" content=\"2026-01-18T15:03:55+00:00\" \/>\n<meta property=\"og:image\" content=\"https:\/\/leboisdavanton.fr\/wp-content\/uploads\/2023\/08\/coach-de-m\u00e9ditation-poitiers-vienne-86000.jpeg\" \/>\n\t<meta property=\"og:image:width\" content=\"571\" \/>\n\t<meta property=\"og:image:height\" content=\"362\" \/>\n\t<meta property=\"og:image:type\" content=\"image\/jpeg\" \/>\n<meta name=\"twitter:card\" content=\"summary_large_image\" \/>\n<meta name=\"twitter:label1\" content=\"Dur\u00e9e de lecture estim\u00e9e\" \/>\n\t<meta name=\"twitter:data1\" content=\"1 minute\" \/>\n<script type=\"application\/ld+json\" class=\"yoast-schema-graph\">{\"@context\":\"https:\\\/\\\/schema.org\",\"@graph\":[{\"@type\":\"WebPage\",\"@id\":\"https:\\\/\\\/leboisdavanton.fr\\\/?page_id=1037\",\"url\":\"https:\\\/\\\/leboisdavanton.fr\\\/?page_id=1037\",\"name\":\"M\u00e9ditation POITIERS m\u00e9thode TANGRAM et s\u00e9ances REIKI - Pension Canine Familiale-Les Bois d&#039;Avanton Poitiers-Vienne- 86\",\"isPartOf\":{\"@id\":\"https:\\\/\\\/leboisdavanton.fr\\\/#website\"},\"primaryImageOfPage\":{\"@id\":\"https:\\\/\\\/leboisdavanton.fr\\\/?page_id=1037#primaryimage\"},\"image\":{\"@id\":\"https:\\\/\\\/leboisdavanton.fr\\\/?page_id=1037#primaryimage\"},\"thumbnailUrl\":\"https:\\\/\\\/leboisdavanton.fr\\\/wp-content\\\/uploads\\\/2023\\\/08\\\/coach-de-m\u00e9ditation-poitiers-vienne-86000.jpeg\",\"datePublished\":\"2022-06-07T10:08:51+00:00\",\"dateModified\":\"2026-01-18T15:03:55+00:00\",\"description\":\"Coach en m\u00e9ditation et je vais vous apprendre \u00e0 m\u00e9diter et non \u00e0 vous relaxer, le Reiki vous permettra de vivre avec le monde \u00e9nerg\u00e9tique.\",\"breadcrumb\":{\"@id\":\"https:\\\/\\\/leboisdavanton.fr\\\/?page_id=1037#breadcrumb\"},\"inLanguage\":\"fr-FR\",\"potentialAction\":[{\"@type\":\"ReadAction\",\"target\":[\"https:\\\/\\\/leboisdavanton.fr\\\/?page_id=1037\"]}]},{\"@type\":\"ImageObject\",\"inLanguage\":\"fr-FR\",\"@id\":\"https:\\\/\\\/leboisdavanton.fr\\\/?page_id=1037#primaryimage\",\"url\":\"https:\\\/\\\/leboisdavanton.fr\\\/wp-content\\\/uploads\\\/2023\\\/08\\\/coach-de-m\u00e9ditation-poitiers-vienne-86000.jpeg\",\"contentUrl\":\"https:\\\/\\\/leboisdavanton.fr\\\/wp-content\\\/uploads\\\/2023\\\/08\\\/coach-de-m\u00e9ditation-poitiers-vienne-86000.jpeg\",\"width\":571,\"height\":362,\"caption\":\"carte de visite du centre de m\u00e9ditation\"},{\"@type\":\"BreadcrumbList\",\"@id\":\"https:\\\/\\\/leboisdavanton.fr\\\/?page_id=1037#breadcrumb\",\"itemListElement\":[{\"@type\":\"ListItem\",\"position\":1,\"name\":\"Accueil\",\"item\":\"https:\\\/\\\/leboisdavanton.fr\\\/\"},{\"@type\":\"ListItem\",\"position\":2,\"name\":\"M\u00e9ditation POITIERS m\u00e9thode TANGRAM et s\u00e9ances REIKI\"}]},{\"@type\":\"WebSite\",\"@id\":\"https:\\\/\\\/leboisdavanton.fr\\\/#website\",\"url\":\"https:\\\/\\\/leboisdavanton.fr\\\/\",\"name\":\"Pension Canine Familiale-Les Bois d'avanton Poitiers-Vienne- 86\",\"description\":\"Pension pour Chien situ\u00e9e sur AVANTON dans un cadre bois\u00e9 de 2 hectares,dispose d\u2019un grand parc de d\u00e9tente de 600m2 dans la VIENNE (86) \u00e0 5 minutes du FUTUROSCOPE\",\"publisher\":{\"@id\":\"https:\\\/\\\/leboisdavanton.fr\\\/#organization\"},\"potentialAction\":[{\"@type\":\"SearchAction\",\"target\":{\"@type\":\"EntryPoint\",\"urlTemplate\":\"https:\\\/\\\/leboisdavanton.fr\\\/?s={search_term_string}\"},\"query-input\":{\"@type\":\"PropertyValueSpecification\",\"valueRequired\":true,\"valueName\":\"search_term_string\"}}],\"inLanguage\":\"fr-FR\"},{\"@type\":\"Organization\",\"@id\":\"https:\\\/\\\/leboisdavanton.fr\\\/#organization\",\"name\":\"Pension Canine Familiale-Les Bois d'avanton Poitiers-Vienne- 86\",\"url\":\"https:\\\/\\\/leboisdavanton.fr\\\/\",\"logo\":{\"@type\":\"ImageObject\",\"inLanguage\":\"fr-FR\",\"@id\":\"https:\\\/\\\/leboisdavanton.fr\\\/#\\\/schema\\\/logo\\\/image\\\/\",\"url\":\"https:\\\/\\\/leboisdavanton.fr\\\/wp-content\\\/uploads\\\/2019\\\/02\\\/article-presse-vienne-poitiers-86000.jpg\",\"contentUrl\":\"https:\\\/\\\/leboisdavanton.fr\\\/wp-content\\\/uploads\\\/2019\\\/02\\\/article-presse-vienne-poitiers-86000.jpg\",\"width\":1020,\"height\":573,\"caption\":\"Pension Canine Familiale-Les Bois d'avanton Poitiers-Vienne- 86\"},\"image\":{\"@id\":\"https:\\\/\\\/leboisdavanton.fr\\\/#\\\/schema\\\/logo\\\/image\\\/\"}}]}<\/script>\n<!-- \/ Yoast SEO plugin. -->","yoast_head_json":{"title":"M\u00e9ditation POITIERS m\u00e9thode TANGRAM et s\u00e9ances REIKI - Pension Canine Familiale-Les Bois d&#039;Avanton Poitiers-Vienne- 86","description":"Coach en m\u00e9ditation et je vais vous apprendre \u00e0 m\u00e9diter et non \u00e0 vous relaxer, le Reiki vous permettra de vivre avec le monde \u00e9nerg\u00e9tique.","robots":{"index":"index","follow":"follow","max-snippet":"max-snippet:-1","max-image-preview":"max-image-preview:large","max-video-preview":"max-video-preview:-1"},"canonical":"https:\/\/leboisdavanton.fr\/?page_id=1037","og_locale":"fr_FR","og_type":"article","og_title":"M\u00e9ditation POITIERS m\u00e9thode TANGRAM et s\u00e9ances REIKI - Pension Canine Familiale-Les Bois d&#039;Avanton Poitiers-Vienne- 86","og_description":"Coach en m\u00e9ditation et je vais vous apprendre \u00e0 m\u00e9diter et non \u00e0 vous relaxer, le Reiki vous permettra de vivre avec le monde \u00e9nerg\u00e9tique.","og_url":"https:\/\/leboisdavanton.fr\/?page_id=1037","og_site_name":"Pension Canine Familiale-Les Bois d&#039;Avanton Poitiers-Vienne- 86","article_modified_time":"2026-01-18T15:03:55+00:00","og_image":[{"width":571,"height":362,"url":"https:\/\/leboisdavanton.fr\/wp-content\/uploads\/2023\/08\/coach-de-m\u00e9ditation-poitiers-vienne-86000.jpeg","type":"image\/jpeg"}],"twitter_card":"summary_large_image","twitter_misc":{"Dur\u00e9e de lecture estim\u00e9e":"1 minute"},"schema":{"@context":"https:\/\/schema.org","@graph":[{"@type":"WebPage","@id":"https:\/\/leboisdavanton.fr\/?page_id=1037","url":"https:\/\/leboisdavanton.fr\/?page_id=1037","name":"M\u00e9ditation POITIERS m\u00e9thode TANGRAM et s\u00e9ances REIKI - Pension Canine Familiale-Les Bois d&#039;Avanton Poitiers-Vienne- 86","isPartOf":{"@id":"https:\/\/leboisdavanton.fr\/#website"},"primaryImageOfPage":{"@id":"https:\/\/leboisdavanton.fr\/?page_id=1037#primaryimage"},"image":{"@id":"https:\/\/leboisdavanton.fr\/?page_id=1037#primaryimage"},"thumbnailUrl":"https:\/\/leboisdavanton.fr\/wp-content\/uploads\/2023\/08\/coach-de-m\u00e9ditation-poitiers-vienne-86000.jpeg","datePublished":"2022-06-07T10:08:51+00:00","dateModified":"2026-01-18T15:03:55+00:00","description":"Coach en m\u00e9ditation et je vais vous apprendre \u00e0 m\u00e9diter et non \u00e0 vous relaxer, le Reiki vous permettra de vivre avec le monde \u00e9nerg\u00e9tique.","breadcrumb":{"@id":"https:\/\/leboisdavanton.fr\/?page_id=1037#breadcrumb"},"inLanguage":"fr-FR","potentialAction":[{"@type":"ReadAction","target":["https:\/\/leboisdavanton.fr\/?page_id=1037"]}]},{"@type":"ImageObject","inLanguage":"fr-FR","@id":"https:\/\/leboisdavanton.fr\/?page_id=1037#primaryimage","url":"https:\/\/leboisdavanton.fr\/wp-content\/uploads\/2023\/08\/coach-de-m\u00e9ditation-poitiers-vienne-86000.jpeg","contentUrl":"https:\/\/leboisdavanton.fr\/wp-content\/uploads\/2023\/08\/coach-de-m\u00e9ditation-poitiers-vienne-86000.jpeg","width":571,"height":362,"caption":"carte de visite du centre de m\u00e9ditation"},{"@type":"BreadcrumbList","@id":"https:\/\/leboisdavanton.fr\/?page_id=1037#breadcrumb","itemListElement":[{"@type":"ListItem","position":1,"name":"Accueil","item":"https:\/\/leboisdavanton.fr\/"},{"@type":"ListItem","position":2,"name":"M\u00e9ditation POITIERS m\u00e9thode TANGRAM et s\u00e9ances REIKI"}]},{"@type":"WebSite","@id":"https:\/\/leboisdavanton.fr\/#website","url":"https:\/\/leboisdavanton.fr\/","name":"Pension Canine Familiale-Les Bois d'avanton Poitiers-Vienne- 86","description":"Pension pour Chien situ\u00e9e sur AVANTON dans un cadre bois\u00e9 de 2 hectares,dispose d\u2019un grand parc de d\u00e9tente de 600m2 dans la VIENNE (86) \u00e0 5 minutes du FUTUROSCOPE","publisher":{"@id":"https:\/\/leboisdavanton.fr\/#organization"},"potentialAction":[{"@type":"SearchAction","target":{"@type":"EntryPoint","urlTemplate":"https:\/\/leboisdavanton.fr\/?s={search_term_string}"},"query-input":{"@type":"PropertyValueSpecification","valueRequired":true,"valueName":"search_term_string"}}],"inLanguage":"fr-FR"},{"@type":"Organization","@id":"https:\/\/leboisdavanton.fr\/#organization","name":"Pension Canine Familiale-Les Bois d'avanton Poitiers-Vienne- 86","url":"https:\/\/leboisdavanton.fr\/","logo":{"@type":"ImageObject","inLanguage":"fr-FR","@id":"https:\/\/leboisdavanton.fr\/#\/schema\/logo\/image\/","url":"https:\/\/leboisdavanton.fr\/wp-content\/uploads\/2019\/02\/article-presse-vienne-poitiers-86000.jpg","contentUrl":"https:\/\/leboisdavanton.fr\/wp-content\/uploads\/2019\/02\/article-presse-vienne-poitiers-86000.jpg","width":1020,"height":573,"caption":"Pension Canine Familiale-Les Bois d'avanton Poitiers-Vienne- 86"},"image":{"@id":"https:\/\/leboisdavanton.fr\/#\/schema\/logo\/image\/"}}]}},"_links":{"self":[{"href":"https:\/\/leboisdavanton.fr\/index.php?rest_route=\/wp\/v2\/pages\/1037","targetHints":{"allow":["GET"]}}],"collection":[{"href":"https:\/\/leboisdavanton.fr\/index.php?rest_route=\/wp\/v2\/pages"}],"about":[{"href":"https:\/\/leboisdavanton.fr\/index.php?rest_route=\/wp\/v2\/types\/page"}],"author":[{"embeddable":true,"href":"https:\/\/leboisdavanton.fr\/index.php?rest_route=\/wp\/v2\/users\/2"}],"replies":[{"embeddable":true,"href":"https:\/\/leboisdavanton.fr\/index.php?rest_route=%2Fwp%2Fv2%2Fcomments&post=1037"}],"version-history":[{"count":14,"href":"https:\/\/leboisdavanton.fr\/index.php?rest_route=\/wp\/v2\/pages\/1037\/revisions"}],"predecessor-version":[{"id":1394,"href":"https:\/\/leboisdavanton.fr\/index.php?rest_route=\/wp\/v2\/pages\/1037\/revisions\/1394"}],"wp:featuredmedia":[{"embeddable":true,"href":"https:\/\/leboisdavanton.fr\/index.php?rest_route=\/wp\/v2\/media\/1113"}],"wp:attachment":[{"href":"https:\/\/leboisdavanton.fr\/index.php?rest_route=%2Fwp%2Fv2%2Fmedia&parent=1037"}],"curies":[{"name":"wp","href":"https:\/\/api.w.org\/{rel}","templated":true}]}}