{"id":1279,"date":"2025-09-09T12:21:22","date_gmt":"2025-09-09T10:21:22","guid":{"rendered":"https:\/\/leboisdavanton.fr\/?page_id=1279"},"modified":"2026-01-18T14:48:52","modified_gmt":"2026-01-18T13:48:52","slug":"educateur-comportementaliste-canin-poitiers","status":"publish","type":"page","link":"https:\/\/leboisdavanton.fr\/?page_id=1279","title":{"rendered":"\u00c9ducateur et Comportementaliste Canin \u00e0 Poitiers \u2013 \u00c9ducation sans friandise"},"content":{"rendered":"<div class=\"wp-block-image\">\n<figure class=\"aligncenter size-full is-resized\"><img loading=\"lazy\" decoding=\"async\" width=\"1024\" height=\"683\" src=\"https:\/\/leboisdavanton.fr\/wp-content\/uploads\/2025\/09\/benoit-copin-avec-ancien-chienne-golden-educateur-canin-poitiers-vienne.jpg\" alt=\"\" class=\"wp-image-1281\" style=\"width:640px;height:auto\" srcset=\"https:\/\/leboisdavanton.fr\/wp-content\/uploads\/2025\/09\/benoit-copin-avec-ancien-chienne-golden-educateur-canin-poitiers-vienne.jpg 1024w, https:\/\/leboisdavanton.fr\/wp-content\/uploads\/2025\/09\/benoit-copin-avec-ancien-chienne-golden-educateur-canin-poitiers-vienne-300x200.jpg 300w, https:\/\/leboisdavanton.fr\/wp-content\/uploads\/2025\/09\/benoit-copin-avec-ancien-chienne-golden-educateur-canin-poitiers-vienne-768x512.jpg 768w\" sizes=\"auto, (max-width: 1024px) 100vw, 1024px\" \/><\/figure>\n<\/div>\n\n\n\n\n<h2>&nbsp;<\/h2>\n<h2 class=\"wp-block-heading\">Une m\u00e9thode naturelle et respectueuse<\/h2>\n\n\n\n<p class=\"has-black-color has-text-color has-link-color wp-elements-d8998af3bfe487b0221e0f53bb8c3ecc\">En tant qu\u2019<strong>\u00e9ducateur et comportementaliste canin \u00e0 Poitiers<\/strong>, j\u2019ai choisi de travailler <strong>sans friandise<\/strong>. Mon objectif est de b\u00e2tir une relation authentique entre le chien et son ma\u00eetre, bas\u00e9e sur la confiance, la coh\u00e9rence et la communication.<\/p>\n\n\n\n<p class=\"has-black-color has-text-color has-link-color wp-elements-9242f367478bc843574623a9a2222b84\">Cette approche permet au chien d\u2019apprendre \u00e0 coop\u00e9rer par respect et compr\u00e9hension, et non par int\u00e9r\u00eat alimentaire. Elle favorise un \u00e9quilibre durable, adapt\u00e9 \u00e0 toutes les situations du quotidien.<\/p>\n\n\n<div class=\"wp-block-image\">\n<figure class=\"aligncenter size-full is-resized\"><img loading=\"lazy\" decoding=\"async\" width=\"1024\" height=\"1024\" src=\"https:\/\/leboisdavanton.fr\/wp-content\/uploads\/2025\/09\/friandise-interdite-chien-educateur-canin-poitiers-vienne.webp\" alt=\"\" class=\"wp-image-1282\" style=\"width:425px;height:auto\" srcset=\"https:\/\/leboisdavanton.fr\/wp-content\/uploads\/2025\/09\/friandise-interdite-chien-educateur-canin-poitiers-vienne.webp 1024w, https:\/\/leboisdavanton.fr\/wp-content\/uploads\/2025\/09\/friandise-interdite-chien-educateur-canin-poitiers-vienne-300x300.webp 300w, https:\/\/leboisdavanton.fr\/wp-content\/uploads\/2025\/09\/friandise-interdite-chien-educateur-canin-poitiers-vienne-150x150.webp 150w, https:\/\/leboisdavanton.fr\/wp-content\/uploads\/2025\/09\/friandise-interdite-chien-educateur-canin-poitiers-vienne-768x768.webp 768w\" sizes=\"auto, (max-width: 1024px) 100vw, 1024px\" \/><\/figure>\n<\/div>\n\n\n\n\n<div style=\"height:59px\" aria-hidden=\"true\" class=\"wp-block-spacer\"><\/div>\n\n\n\n<h2 class=\"wp-block-heading\">Pourquoi une \u00e9ducation sans friandise ?<\/h2>\n\n\n\n<p class=\"has-black-color has-text-color has-link-color wp-elements-db286dfb39acbf297e3b16767a86bd38\">Utiliser des friandises peut parfois cr\u00e9er une d\u00e9pendance ou d\u00e9tourner l\u2019attention du chien. Mon approche repose sur des <strong>m\u00e9thodes \u00e9ducatives positives et naturelles<\/strong>, o\u00f9 l\u2019accent est mis sur la relation ma\u00eetre-chien, l\u2019observation et le renforcement social (voix, gestes, attitude, coh\u00e9rence).<\/p>\n\n\n\n<p class=\"has-black-color has-text-color has-link-color wp-elements-ca0ebb0e5e78ad5d5f1f1c94415f3af8\">Cette m\u00e9thode permet d\u2019obtenir des r\u00e9sultats solides, compr\u00e9hensibles pour le chien, et reproductibles dans toutes les situations, m\u00eame en l\u2019absence de r\u00e9compenses alimentaires.<\/p>\n\n\n\n<h2 class=\"wp-block-heading\">Services propos\u00e9s \u00e0 Poitiers et dans la Vienne (86)<\/h2>\n\n\n\n<ul class=\"wp-block-list\">\n<li><strong>\u00c9ducation de base<\/strong> : rappel, marche en laisse, assis, pas bouger\u2026<\/li>\n\n\n\n<li><strong>Accompagnement chiots<\/strong> : socialisation, gestion des mordillements, apprentissage des r\u00e8gles de vie.<\/li>\n\n\n\n<li><strong>Correction des troubles du comportement<\/strong> : peurs, agressivit\u00e9, aboiements, anxi\u00e9t\u00e9 de s\u00e9paration.<\/li>\n\n\n\n<li><strong>Conseils personnalis\u00e9s<\/strong> : adapt\u00e9s au caract\u00e8re du chien et au mode de vie de son ma\u00eetre.<\/li>\n<\/ul>\n\n\n\n<div style=\"height:53px\" aria-hidden=\"true\" class=\"wp-block-spacer\"><\/div>\n\n\n\n<h2 class=\"wp-block-heading\">Un \u00e9ducateur canin exp\u00e9riment\u00e9 \u00e0 votre \u00e9coute<\/h2>\n\n\n\n<p class=\"has-black-color has-text-color has-link-color wp-elements-d703f25eaff066a0891e244fd4f65ad5\">Mon approche repose sur la bienveillance. <strong>Ainsi<\/strong>, elle favorise une meilleure relation ma\u00eetre-chien.<\/p>\n\n\n\n<div style=\"height:45px\" aria-hidden=\"true\" class=\"wp-block-spacer\"><\/div>\n\n\n\n<h2 class=\"wp-block-heading\">Une m\u00e9thode bienveillante et efficace<\/h2>\n\n\n\n<p class=\"has-black-color has-text-color has-link-color wp-elements-de38ccc671214c5ce2d29e2bd0916481\">Travailler sans friandise ne signifie pas \u00eatre dans la contrainte ou la punition, mais au contraire dans la <strong>bienveillance et la coh\u00e9rence<\/strong>. Le chien apprend \u00e0 coop\u00e9rer, \u00e0 se canaliser et \u00e0 comprendre ce qui est attendu de lui, dans un cadre rassurant et structur\u00e9.<\/p>\n\n\n\n<p class=\"has-black-color has-text-color has-link-color wp-elements-a0515b411b5c70a09652c9b1adda9946\">Ce type d\u2019\u00e9ducation favorise des r\u00e9sultats durables et une relation plus profonde entre le ma\u00eetre et son compagnon.<\/p>\n\n\n\n<div style=\"height:50px\" aria-hidden=\"true\" class=\"wp-block-spacer\"><\/div>\n\n\n\n<h2 class=\"wp-block-heading\">Contactez votre \u00e9ducateur canin \u00e0 Poitiers<\/h2>\n\n\n\n<p class=\"has-black-color has-text-color has-link-color wp-elements-e0da53999a39770dc88ddab71373f60a\">Vous souhaitez offrir \u00e0 votre chien une \u00e9ducation respectueuse et sans friandise ? Contactez-moi d\u00e8s aujourd\u2019hui via mon site <a href=\"https:\/\/www.ecc86.fr\/\" target=\"_blank\" rel=\"noreferrer noopener\">ECC86.fr<\/a> ou le <a href=\"https:\/\/leboisdavanton.fr\/?page_id=325\" target=\"_blank\" rel=\"noreferrer noopener\">formulaire de contact du Bois d\u2019Avanton<\/a>.<\/p>\n\n\n\n<p class=\"has-black-color has-text-color has-link-color wp-elements-2805c63e8f8c1fe638526ae1ae172011\"><strong>Offrez \u00e0 votre chien une \u00e9ducation \u00e9quilibr\u00e9e et durable.<\/strong><\/p>\n","protected":false},"excerpt":{"rendered":"<p>&nbsp; Une m\u00e9thode naturelle et respectueuse En tant qu\u2019\u00e9ducateur et comportementaliste canin \u00e0 Poitiers, j\u2019ai choisi de travailler sans friandise. Mon objectif est de b\u00e2tir une relation authentique entre le chien et son ma\u00eetre, bas\u00e9e sur la confiance, la coh\u00e9rence et la communication. Cette approche permet au chien d\u2019apprendre \u00e0 coop\u00e9rer par respect et compr\u00e9hension,&hellip; <br \/> <a class=\"read-more\" href=\"https:\/\/leboisdavanton.fr\/?page_id=1279\">Lire la suite<\/a><\/p>\n","protected":false},"author":2,"featured_media":1222,"parent":0,"menu_order":0,"comment_status":"closed","ping_status":"closed","template":"","meta":{"ngg_post_thumbnail":0,"footnotes":""},"class_list":["post-1279","page","type-page","status-publish","has-post-thumbnail","hentry"],"yoast_head":"<!-- This site is optimized with the Yoast SEO plugin v27.5 - https:\/\/yoast.com\/product\/yoast-seo-wordpress\/ -->\n<title>\u00c9ducation de chiens et r\u00e9\u00e9ducation comportementale \u2013 Poitiers<\/title>\n<meta name=\"description\" content=\"\u00c9ducateur et comportementaliste canin Poitiers (86). M\u00e9thode bienveillante sans friandise pour relation \u00e9quilibr\u00e9e durable avec votre chien.\" \/>\n<meta name=\"robots\" content=\"index, follow, max-snippet:-1, max-image-preview:large, max-video-preview:-1\" \/>\n<link rel=\"canonical\" href=\"https:\/\/leboisdavanton.fr\/?page_id=1279\" \/>\n<meta property=\"og:locale\" content=\"fr_FR\" \/>\n<meta property=\"og:type\" content=\"article\" \/>\n<meta property=\"og:title\" content=\"\u00c9ducation de chiens et r\u00e9\u00e9ducation comportementale \u2013 Poitiers\" \/>\n<meta property=\"og:description\" content=\"\u00c9ducateur et comportementaliste canin Poitiers (86). M\u00e9thode bienveillante sans friandise pour relation \u00e9quilibr\u00e9e durable avec votre chien.\" \/>\n<meta property=\"og:url\" content=\"https:\/\/leboisdavanton.fr\/?page_id=1279\" \/>\n<meta property=\"og:site_name\" content=\"Pension Canine Familiale-Les Bois d&#039;Avanton Poitiers-Vienne- 86\" \/>\n<meta property=\"article:modified_time\" content=\"2026-01-18T13:48:52+00:00\" \/>\n<meta property=\"og:image\" content=\"https:\/\/leboisdavanton.fr\/wp-content\/uploads\/2024\/08\/educateur-comportementaliste-canin-poitiers-vienne.jpg\" \/>\n\t<meta property=\"og:image:width\" content=\"617\" \/>\n\t<meta property=\"og:image:height\" content=\"1068\" \/>\n\t<meta property=\"og:image:type\" content=\"image\/jpeg\" \/>\n<meta name=\"twitter:card\" content=\"summary_large_image\" \/>\n<meta name=\"twitter:label1\" content=\"Dur\u00e9e de lecture estim\u00e9e\" \/>\n\t<meta name=\"twitter:data1\" content=\"3 minutes\" \/>\n<script type=\"application\/ld+json\" class=\"yoast-schema-graph\">{\"@context\":\"https:\\\/\\\/schema.org\",\"@graph\":[{\"@type\":\"WebPage\",\"@id\":\"https:\\\/\\\/leboisdavanton.fr\\\/?page_id=1279\",\"url\":\"https:\\\/\\\/leboisdavanton.fr\\\/?page_id=1279\",\"name\":\"\u00c9ducation de chiens et r\u00e9\u00e9ducation comportementale \u2013 Poitiers\",\"isPartOf\":{\"@id\":\"https:\\\/\\\/leboisdavanton.fr\\\/#website\"},\"primaryImageOfPage\":{\"@id\":\"https:\\\/\\\/leboisdavanton.fr\\\/?page_id=1279#primaryimage\"},\"image\":{\"@id\":\"https:\\\/\\\/leboisdavanton.fr\\\/?page_id=1279#primaryimage\"},\"thumbnailUrl\":\"https:\\\/\\\/leboisdavanton.fr\\\/wp-content\\\/uploads\\\/2024\\\/08\\\/educateur-comportementaliste-canin-poitiers-vienne.jpg\",\"datePublished\":\"2025-09-09T10:21:22+00:00\",\"dateModified\":\"2026-01-18T13:48:52+00:00\",\"description\":\"\u00c9ducateur et comportementaliste canin Poitiers (86). M\u00e9thode bienveillante sans friandise pour relation \u00e9quilibr\u00e9e durable avec votre chien.\",\"breadcrumb\":{\"@id\":\"https:\\\/\\\/leboisdavanton.fr\\\/?page_id=1279#breadcrumb\"},\"inLanguage\":\"fr-FR\",\"potentialAction\":[{\"@type\":\"ReadAction\",\"target\":[\"https:\\\/\\\/leboisdavanton.fr\\\/?page_id=1279\"]}]},{\"@type\":\"ImageObject\",\"inLanguage\":\"fr-FR\",\"@id\":\"https:\\\/\\\/leboisdavanton.fr\\\/?page_id=1279#primaryimage\",\"url\":\"https:\\\/\\\/leboisdavanton.fr\\\/wp-content\\\/uploads\\\/2024\\\/08\\\/educateur-comportementaliste-canin-poitiers-vienne.jpg\",\"contentUrl\":\"https:\\\/\\\/leboisdavanton.fr\\\/wp-content\\\/uploads\\\/2024\\\/08\\\/educateur-comportementaliste-canin-poitiers-vienne.jpg\",\"width\":617,\"height\":1068},{\"@type\":\"BreadcrumbList\",\"@id\":\"https:\\\/\\\/leboisdavanton.fr\\\/?page_id=1279#breadcrumb\",\"itemListElement\":[{\"@type\":\"ListItem\",\"position\":1,\"name\":\"Accueil\",\"item\":\"https:\\\/\\\/leboisdavanton.fr\\\/\"},{\"@type\":\"ListItem\",\"position\":2,\"name\":\"\u00c9ducateur et Comportementaliste Canin \u00e0 Poitiers \u2013 \u00c9ducation sans friandise\"}]},{\"@type\":\"WebSite\",\"@id\":\"https:\\\/\\\/leboisdavanton.fr\\\/#website\",\"url\":\"https:\\\/\\\/leboisdavanton.fr\\\/\",\"name\":\"Pension Canine Familiale-Les Bois d'avanton Poitiers-Vienne- 86\",\"description\":\"Pension pour Chien situ\u00e9e sur AVANTON dans un cadre bois\u00e9 de 2 hectares,dispose d\u2019un grand parc de d\u00e9tente de 600m2 dans la VIENNE (86) \u00e0 5 minutes du FUTUROSCOPE\",\"publisher\":{\"@id\":\"https:\\\/\\\/leboisdavanton.fr\\\/#organization\"},\"potentialAction\":[{\"@type\":\"SearchAction\",\"target\":{\"@type\":\"EntryPoint\",\"urlTemplate\":\"https:\\\/\\\/leboisdavanton.fr\\\/?s={search_term_string}\"},\"query-input\":{\"@type\":\"PropertyValueSpecification\",\"valueRequired\":true,\"valueName\":\"search_term_string\"}}],\"inLanguage\":\"fr-FR\"},{\"@type\":\"Organization\",\"@id\":\"https:\\\/\\\/leboisdavanton.fr\\\/#organization\",\"name\":\"Pension Canine Familiale-Les Bois d'avanton Poitiers-Vienne- 86\",\"url\":\"https:\\\/\\\/leboisdavanton.fr\\\/\",\"logo\":{\"@type\":\"ImageObject\",\"inLanguage\":\"fr-FR\",\"@id\":\"https:\\\/\\\/leboisdavanton.fr\\\/#\\\/schema\\\/logo\\\/image\\\/\",\"url\":\"https:\\\/\\\/leboisdavanton.fr\\\/wp-content\\\/uploads\\\/2019\\\/02\\\/article-presse-vienne-poitiers-86000.jpg\",\"contentUrl\":\"https:\\\/\\\/leboisdavanton.fr\\\/wp-content\\\/uploads\\\/2019\\\/02\\\/article-presse-vienne-poitiers-86000.jpg\",\"width\":1020,\"height\":573,\"caption\":\"Pension Canine Familiale-Les Bois d'avanton Poitiers-Vienne- 86\"},\"image\":{\"@id\":\"https:\\\/\\\/leboisdavanton.fr\\\/#\\\/schema\\\/logo\\\/image\\\/\"}}]}<\/script>\n<!-- \/ Yoast SEO plugin. -->","yoast_head_json":{"title":"\u00c9ducation de chiens et r\u00e9\u00e9ducation comportementale \u2013 Poitiers","description":"\u00c9ducateur et comportementaliste canin Poitiers (86). M\u00e9thode bienveillante sans friandise pour relation \u00e9quilibr\u00e9e durable avec votre chien.","robots":{"index":"index","follow":"follow","max-snippet":"max-snippet:-1","max-image-preview":"max-image-preview:large","max-video-preview":"max-video-preview:-1"},"canonical":"https:\/\/leboisdavanton.fr\/?page_id=1279","og_locale":"fr_FR","og_type":"article","og_title":"\u00c9ducation de chiens et r\u00e9\u00e9ducation comportementale \u2013 Poitiers","og_description":"\u00c9ducateur et comportementaliste canin Poitiers (86). M\u00e9thode bienveillante sans friandise pour relation \u00e9quilibr\u00e9e durable avec votre chien.","og_url":"https:\/\/leboisdavanton.fr\/?page_id=1279","og_site_name":"Pension Canine Familiale-Les Bois d&#039;Avanton Poitiers-Vienne- 86","article_modified_time":"2026-01-18T13:48:52+00:00","og_image":[{"width":617,"height":1068,"url":"https:\/\/leboisdavanton.fr\/wp-content\/uploads\/2024\/08\/educateur-comportementaliste-canin-poitiers-vienne.jpg","type":"image\/jpeg"}],"twitter_card":"summary_large_image","twitter_misc":{"Dur\u00e9e de lecture estim\u00e9e":"3 minutes"},"schema":{"@context":"https:\/\/schema.org","@graph":[{"@type":"WebPage","@id":"https:\/\/leboisdavanton.fr\/?page_id=1279","url":"https:\/\/leboisdavanton.fr\/?page_id=1279","name":"\u00c9ducation de chiens et r\u00e9\u00e9ducation comportementale \u2013 Poitiers","isPartOf":{"@id":"https:\/\/leboisdavanton.fr\/#website"},"primaryImageOfPage":{"@id":"https:\/\/leboisdavanton.fr\/?page_id=1279#primaryimage"},"image":{"@id":"https:\/\/leboisdavanton.fr\/?page_id=1279#primaryimage"},"thumbnailUrl":"https:\/\/leboisdavanton.fr\/wp-content\/uploads\/2024\/08\/educateur-comportementaliste-canin-poitiers-vienne.jpg","datePublished":"2025-09-09T10:21:22+00:00","dateModified":"2026-01-18T13:48:52+00:00","description":"\u00c9ducateur et comportementaliste canin Poitiers (86). M\u00e9thode bienveillante sans friandise pour relation \u00e9quilibr\u00e9e durable avec votre chien.","breadcrumb":{"@id":"https:\/\/leboisdavanton.fr\/?page_id=1279#breadcrumb"},"inLanguage":"fr-FR","potentialAction":[{"@type":"ReadAction","target":["https:\/\/leboisdavanton.fr\/?page_id=1279"]}]},{"@type":"ImageObject","inLanguage":"fr-FR","@id":"https:\/\/leboisdavanton.fr\/?page_id=1279#primaryimage","url":"https:\/\/leboisdavanton.fr\/wp-content\/uploads\/2024\/08\/educateur-comportementaliste-canin-poitiers-vienne.jpg","contentUrl":"https:\/\/leboisdavanton.fr\/wp-content\/uploads\/2024\/08\/educateur-comportementaliste-canin-poitiers-vienne.jpg","width":617,"height":1068},{"@type":"BreadcrumbList","@id":"https:\/\/leboisdavanton.fr\/?page_id=1279#breadcrumb","itemListElement":[{"@type":"ListItem","position":1,"name":"Accueil","item":"https:\/\/leboisdavanton.fr\/"},{"@type":"ListItem","position":2,"name":"\u00c9ducateur et Comportementaliste Canin \u00e0 Poitiers \u2013 \u00c9ducation sans friandise"}]},{"@type":"WebSite","@id":"https:\/\/leboisdavanton.fr\/#website","url":"https:\/\/leboisdavanton.fr\/","name":"Pension Canine Familiale-Les Bois d'avanton Poitiers-Vienne- 86","description":"Pension pour Chien situ\u00e9e sur AVANTON dans un cadre bois\u00e9 de 2 hectares,dispose d\u2019un grand parc de d\u00e9tente de 600m2 dans la VIENNE (86) \u00e0 5 minutes du FUTUROSCOPE","publisher":{"@id":"https:\/\/leboisdavanton.fr\/#organization"},"potentialAction":[{"@type":"SearchAction","target":{"@type":"EntryPoint","urlTemplate":"https:\/\/leboisdavanton.fr\/?s={search_term_string}"},"query-input":{"@type":"PropertyValueSpecification","valueRequired":true,"valueName":"search_term_string"}}],"inLanguage":"fr-FR"},{"@type":"Organization","@id":"https:\/\/leboisdavanton.fr\/#organization","name":"Pension Canine Familiale-Les Bois d'avanton Poitiers-Vienne- 86","url":"https:\/\/leboisdavanton.fr\/","logo":{"@type":"ImageObject","inLanguage":"fr-FR","@id":"https:\/\/leboisdavanton.fr\/#\/schema\/logo\/image\/","url":"https:\/\/leboisdavanton.fr\/wp-content\/uploads\/2019\/02\/article-presse-vienne-poitiers-86000.jpg","contentUrl":"https:\/\/leboisdavanton.fr\/wp-content\/uploads\/2019\/02\/article-presse-vienne-poitiers-86000.jpg","width":1020,"height":573,"caption":"Pension Canine Familiale-Les Bois d'avanton Poitiers-Vienne- 86"},"image":{"@id":"https:\/\/leboisdavanton.fr\/#\/schema\/logo\/image\/"}}]}},"_links":{"self":[{"href":"https:\/\/leboisdavanton.fr\/index.php?rest_route=\/wp\/v2\/pages\/1279","targetHints":{"allow":["GET"]}}],"collection":[{"href":"https:\/\/leboisdavanton.fr\/index.php?rest_route=\/wp\/v2\/pages"}],"about":[{"href":"https:\/\/leboisdavanton.fr\/index.php?rest_route=\/wp\/v2\/types\/page"}],"author":[{"embeddable":true,"href":"https:\/\/leboisdavanton.fr\/index.php?rest_route=\/wp\/v2\/users\/2"}],"replies":[{"embeddable":true,"href":"https:\/\/leboisdavanton.fr\/index.php?rest_route=%2Fwp%2Fv2%2Fcomments&post=1279"}],"version-history":[{"count":14,"href":"https:\/\/leboisdavanton.fr\/index.php?rest_route=\/wp\/v2\/pages\/1279\/revisions"}],"predecessor-version":[{"id":1386,"href":"https:\/\/leboisdavanton.fr\/index.php?rest_route=\/wp\/v2\/pages\/1279\/revisions\/1386"}],"wp:featuredmedia":[{"embeddable":true,"href":"https:\/\/leboisdavanton.fr\/index.php?rest_route=\/wp\/v2\/media\/1222"}],"wp:attachment":[{"href":"https:\/\/leboisdavanton.fr\/index.php?rest_route=%2Fwp%2Fv2%2Fmedia&parent=1279"}],"curies":[{"name":"wp","href":"https:\/\/api.w.org\/{rel}","templated":true}]}}