{"id":32,"date":"2019-02-28T21:22:24","date_gmt":"2019-02-28T20:22:24","guid":{"rendered":"http:\/\/localhost\/wordpress\/?page_id=32"},"modified":"2026-01-18T16:09:03","modified_gmt":"2026-01-18T15:09:03","slug":"pension-canine","status":"publish","type":"page","link":"https:\/\/leboisdavanton.fr\/?page_id=32","title":{"rendered":"Pension Canine poitiers"},"content":{"rendered":"\n<p class=\"has-text-align-center has-x-large-font-size\"><span class=\"tadv-color\" style=\"color:#9ea9b2\"><strong><em>Pr\u00e9sentation de notre pension proche de <\/em><\/strong><\/span><br><br><span class=\"tadv-color\" style=\"color:#9ea9b2\"><strong><em>Poitiers et du Futuroscope<\/em><\/strong><\/span><\/p>\n\n\n\n<h1 class=\"wp-block-heading has-text-align-center\">&nbsp;<\/h1>\n\n\n<div class=\"wp-block-image\">\n<figure class=\"aligncenter\"><img loading=\"lazy\" decoding=\"async\" width=\"4032\" height=\"3024\" src=\"https:\/\/leboisdavanton.fr\/wp-content\/uploads\/2019\/02\/pension-canine-poitiers-vienne-86-futuroscope.jpg\" alt=\"pension-canine-poitiers-vienne-86-futuroscope\" class=\"wp-image-20\"\/><\/figure>\n<\/div>\n\n\n<p class=\"has-text-color\" style=\"color:#000000\"><span style=\"color:#000000\" class=\"tadv-color\">Nous sommes tr\u00e8s rigoureux sur l&rsquo;hygi\u00e8ne, c&rsquo;est pour cela que nous avons fait le choix de r\u00e9aliser une dalle en b\u00e9ton dans chaque box pour faciliter le nettoyage qui sera effectu\u00e9 quotidiennement et \u00e0 la fin du s\u00e9jour de l&rsquo;animal mais aussi tr\u00e8s soucieux du bien \u00eatre de celui-ci, c&rsquo;est pour cela qu&rsquo;il a \u00e9galement un coin recouvert de cailloux afin d&rsquo;\u00eatre au frais l&rsquo;\u00e9t\u00e9.<\/span><\/p>\n\n\n\n<h2 class=\"wp-block-heading has-text-align-center\"><span style=\"color:#9ea9b2\" class=\"tadv-color\">Niches chalet<\/span><\/h2>\n\n\n\n<figure class=\"wp-block-image\"><img loading=\"lazy\" decoding=\"async\" width=\"3696\" height=\"2448\" src=\"https:\/\/leboisdavanton.fr\/wp-content\/uploads\/2019\/03\/box-pension-canine-vienne-chiens.jpg\" alt=\"niches chalet\" class=\"wp-image-344\"\/><\/figure>\n\n\n\n<p class=\"has-text-color\" style=\"color:#000000\"><span class=\"tadv-color\" style=\"color:#000000\">Les box font 15m2 chacun pour le confort de votre animal avec une s\u00e9curit\u00e9 optimale et un chalet en bois de 3m2 avec un auvent qui les prot\u00e8ge comme ils  ne sont pas chauff\u00e9s en hiver.<\/span><\/p>\n\n\n\n<h3 class=\"wp-block-heading has-text-align-left\"><span style=\"color:#9ea9b2\" class=\"tadv-color\">Parc de d\u00e9tente 600m2 <\/span><\/h3>\n\n\n<div class=\"wp-block-image\">\n<figure class=\"aligncenter\"><img loading=\"lazy\" decoding=\"async\" width=\"1024\" height=\"683\" src=\"https:\/\/leboisdavanton.fr\/wp-content\/uploads\/2019\/03\/parc-de-d\u00e9tente-vienne-poitiers-86000-1-1024x683.jpg\" alt=\"parc de d\u00e9tente de la pension pour chien vienne\" class=\"wp-image-702\" srcset=\"https:\/\/leboisdavanton.fr\/wp-content\/uploads\/2019\/03\/parc-de-d\u00e9tente-vienne-poitiers-86000-1.jpg 1024w, https:\/\/leboisdavanton.fr\/wp-content\/uploads\/2019\/03\/parc-de-d\u00e9tente-vienne-poitiers-86000-1-300x200.jpg 300w, https:\/\/leboisdavanton.fr\/wp-content\/uploads\/2019\/03\/parc-de-d\u00e9tente-vienne-poitiers-86000-1-768x512.jpg 768w\" sizes=\"auto, (max-width: 1024px) 100vw, 1024px\" \/><\/figure>\n<\/div>\n\n\n<p><span class=\"tadv-color\" style=\"color:#000000\">Ils disposent d&rsquo;un grand parc de d\u00e9tente de <\/span><em><span class=\"tadv-color\" style=\"color:#000000\"><strong>600m2<\/strong><\/span><\/em><span class=\"tadv-color\" style=\"color:#000000\"><\/span><em><span class=\"tadv-color\" style=\"color:#000000\"><\/span><\/em><span class=\"tadv-color\" style=\"color:#000000\"> s\u00e9curis\u00e9 dans lequel votre chien sera sorti tous les jours<\/span><em><span class=\"tadv-color\" style=\"color:#313131\">.<\/span><span class=\"tadv-color\" style=\"color:#000000\"><\/span><span class=\"tadv-color\" style=\"color:#313131\"><br><\/span><\/em><\/p>\n\n\n\n<h4 class=\"wp-block-heading\"><span style=\"color:#9ea9b2\" class=\"tadv-color\">chemin d\u2019acc\u00e8s au parc s\u00e9curis\u00e9<\/span><span style=\"color:#000000\" class=\"tadv-color\"> <\/span><\/h4>\n\n\n\n<figure class=\"wp-block-image\"><img loading=\"lazy\" decoding=\"async\" width=\"1024\" height=\"683\" src=\"https:\/\/leboisdavanton.fr\/wp-content\/uploads\/2019\/03\/parc-de-d\u00e9tente-pour-chien-et-securis\u00e9-vienne-1024x683.jpg\" alt=\"chemin des box securis\u00e9 de la pension canine sur poitiers dans la vienne\" class=\"wp-image-706\" srcset=\"https:\/\/leboisdavanton.fr\/wp-content\/uploads\/2019\/03\/parc-de-d\u00e9tente-pour-chien-et-securis\u00e9-vienne.jpg 1024w, https:\/\/leboisdavanton.fr\/wp-content\/uploads\/2019\/03\/parc-de-d\u00e9tente-pour-chien-et-securis\u00e9-vienne-300x200.jpg 300w, https:\/\/leboisdavanton.fr\/wp-content\/uploads\/2019\/03\/parc-de-d\u00e9tente-pour-chien-et-securis\u00e9-vienne-768x512.jpg 768w\" sizes=\"auto, (max-width: 1024px) 100vw, 1024px\" \/><\/figure>\n\n\n\n<p><em><span style=\"color:#000000\" class=\"tadv-color\">En cas de besoin, nous ferons appel \u00e0 Madame<\/span> <a rel=\"noreferrer noopener\" href=\"https:\/\/www.pagesjaunes.fr\/pros\/55119675\" target=\"_blank\"><strong><span style=\"color:#0693e3\" class=\"tadv-color\">MICHINEAU Karine, v\u00e9t\u00e9rinaire<\/span><\/strong><\/a> <span style=\"color:#000000\" class=\"tadv-color\">sur Ligug\u00e9.<\/span><\/em><\/p>\n","protected":false},"excerpt":{"rendered":"<p>Pr\u00e9sentation de notre pension proche de Poitiers et du Futuroscope &nbsp; Nous sommes tr\u00e8s rigoureux sur l&rsquo;hygi\u00e8ne, c&rsquo;est pour cela que nous avons fait le choix de r\u00e9aliser une dalle en b\u00e9ton dans chaque box pour faciliter le nettoyage qui sera effectu\u00e9 quotidiennement et \u00e0 la fin du s\u00e9jour de l&rsquo;animal mais aussi tr\u00e8s soucieux&hellip; <br \/> <a class=\"read-more\" href=\"https:\/\/leboisdavanton.fr\/?page_id=32\">Lire la suite<\/a><\/p>\n","protected":false},"author":2,"featured_media":0,"parent":0,"menu_order":0,"comment_status":"closed","ping_status":"closed","template":"","meta":{"ngg_post_thumbnail":0,"footnotes":""},"class_list":["post-32","page","type-page","status-publish","hentry"],"yoast_head":"<!-- This site is optimized with the Yoast SEO plugin v27.5 - https:\/\/yoast.com\/product\/yoast-seo-wordpress\/ -->\n<title>Pension Canine poitiers - Pension Canine Familiale-Les Bois d&#039;Avanton Poitiers-Vienne- 86<\/title>\n<meta name=\"description\" content=\"Pension canine pr\u00e8s de Poitiers et du Futuroscope : box confortables, parc s\u00e9curis\u00e9 de 600\u202fm\u00b2 et suivi v\u00e9t\u00e9rinaire.\" \/>\n<meta name=\"robots\" content=\"index, follow, max-snippet:-1, max-image-preview:large, max-video-preview:-1\" \/>\n<link rel=\"canonical\" href=\"https:\/\/leboisdavanton.fr\/?page_id=32\" \/>\n<meta property=\"og:locale\" content=\"fr_FR\" \/>\n<meta property=\"og:type\" content=\"article\" \/>\n<meta property=\"og:title\" content=\"Pension Canine poitiers - Pension Canine Familiale-Les Bois d&#039;Avanton Poitiers-Vienne- 86\" \/>\n<meta property=\"og:description\" content=\"Pension canine pr\u00e8s de Poitiers et du Futuroscope : box confortables, parc s\u00e9curis\u00e9 de 600\u202fm\u00b2 et suivi v\u00e9t\u00e9rinaire.\" \/>\n<meta property=\"og:url\" content=\"https:\/\/leboisdavanton.fr\/?page_id=32\" \/>\n<meta property=\"og:site_name\" content=\"Pension Canine Familiale-Les Bois d&#039;Avanton Poitiers-Vienne- 86\" \/>\n<meta property=\"article:modified_time\" content=\"2026-01-18T15:09:03+00:00\" \/>\n<meta property=\"og:image\" content=\"http:\/\/leboisdavanton.fr\/wp-content\/uploads\/2019\/02\/pension-canine-poitiers-vienne-86-futuroscope.jpg\" \/>\n<meta name=\"twitter:card\" content=\"summary_large_image\" \/>\n<meta name=\"twitter:label1\" content=\"Dur\u00e9e de lecture estim\u00e9e\" \/>\n\t<meta name=\"twitter:data1\" content=\"2 minutes\" \/>\n<script type=\"application\/ld+json\" class=\"yoast-schema-graph\">{\"@context\":\"https:\\\/\\\/schema.org\",\"@graph\":[{\"@type\":\"WebPage\",\"@id\":\"https:\\\/\\\/leboisdavanton.fr\\\/?page_id=32\",\"url\":\"https:\\\/\\\/leboisdavanton.fr\\\/?page_id=32\",\"name\":\"Pension Canine poitiers - Pension Canine Familiale-Les Bois d&#039;Avanton Poitiers-Vienne- 86\",\"isPartOf\":{\"@id\":\"https:\\\/\\\/leboisdavanton.fr\\\/#website\"},\"primaryImageOfPage\":{\"@id\":\"https:\\\/\\\/leboisdavanton.fr\\\/?page_id=32#primaryimage\"},\"image\":{\"@id\":\"https:\\\/\\\/leboisdavanton.fr\\\/?page_id=32#primaryimage\"},\"thumbnailUrl\":\"http:\\\/\\\/leboisdavanton.fr\\\/wp-content\\\/uploads\\\/2019\\\/02\\\/pension-canine-poitiers-vienne-86-futuroscope.jpg\",\"datePublished\":\"2019-02-28T20:22:24+00:00\",\"dateModified\":\"2026-01-18T15:09:03+00:00\",\"description\":\"Pension canine pr\u00e8s de Poitiers et du Futuroscope : box confortables, parc s\u00e9curis\u00e9 de 600\u202fm\u00b2 et suivi v\u00e9t\u00e9rinaire.\",\"breadcrumb\":{\"@id\":\"https:\\\/\\\/leboisdavanton.fr\\\/?page_id=32#breadcrumb\"},\"inLanguage\":\"fr-FR\",\"potentialAction\":[{\"@type\":\"ReadAction\",\"target\":[\"https:\\\/\\\/leboisdavanton.fr\\\/?page_id=32\"]}]},{\"@type\":\"ImageObject\",\"inLanguage\":\"fr-FR\",\"@id\":\"https:\\\/\\\/leboisdavanton.fr\\\/?page_id=32#primaryimage\",\"url\":\"http:\\\/\\\/leboisdavanton.fr\\\/wp-content\\\/uploads\\\/2019\\\/02\\\/pension-canine-poitiers-vienne-86-futuroscope.jpg\",\"contentUrl\":\"http:\\\/\\\/leboisdavanton.fr\\\/wp-content\\\/uploads\\\/2019\\\/02\\\/pension-canine-poitiers-vienne-86-futuroscope.jpg\"},{\"@type\":\"BreadcrumbList\",\"@id\":\"https:\\\/\\\/leboisdavanton.fr\\\/?page_id=32#breadcrumb\",\"itemListElement\":[{\"@type\":\"ListItem\",\"position\":1,\"name\":\"Accueil\",\"item\":\"https:\\\/\\\/leboisdavanton.fr\\\/\"},{\"@type\":\"ListItem\",\"position\":2,\"name\":\"Pension Canine poitiers\"}]},{\"@type\":\"WebSite\",\"@id\":\"https:\\\/\\\/leboisdavanton.fr\\\/#website\",\"url\":\"https:\\\/\\\/leboisdavanton.fr\\\/\",\"name\":\"Pension Canine Familiale-Les Bois d'avanton Poitiers-Vienne- 86\",\"description\":\"Pension pour Chien situ\u00e9e sur AVANTON dans un cadre bois\u00e9 de 2 hectares,dispose d\u2019un grand parc de d\u00e9tente de 600m2 dans la VIENNE (86) \u00e0 5 minutes du FUTUROSCOPE\",\"publisher\":{\"@id\":\"https:\\\/\\\/leboisdavanton.fr\\\/#organization\"},\"potentialAction\":[{\"@type\":\"SearchAction\",\"target\":{\"@type\":\"EntryPoint\",\"urlTemplate\":\"https:\\\/\\\/leboisdavanton.fr\\\/?s={search_term_string}\"},\"query-input\":{\"@type\":\"PropertyValueSpecification\",\"valueRequired\":true,\"valueName\":\"search_term_string\"}}],\"inLanguage\":\"fr-FR\"},{\"@type\":\"Organization\",\"@id\":\"https:\\\/\\\/leboisdavanton.fr\\\/#organization\",\"name\":\"Pension Canine Familiale-Les Bois d'avanton Poitiers-Vienne- 86\",\"url\":\"https:\\\/\\\/leboisdavanton.fr\\\/\",\"logo\":{\"@type\":\"ImageObject\",\"inLanguage\":\"fr-FR\",\"@id\":\"https:\\\/\\\/leboisdavanton.fr\\\/#\\\/schema\\\/logo\\\/image\\\/\",\"url\":\"https:\\\/\\\/leboisdavanton.fr\\\/wp-content\\\/uploads\\\/2019\\\/02\\\/article-presse-vienne-poitiers-86000.jpg\",\"contentUrl\":\"https:\\\/\\\/leboisdavanton.fr\\\/wp-content\\\/uploads\\\/2019\\\/02\\\/article-presse-vienne-poitiers-86000.jpg\",\"width\":1020,\"height\":573,\"caption\":\"Pension Canine Familiale-Les Bois d'avanton Poitiers-Vienne- 86\"},\"image\":{\"@id\":\"https:\\\/\\\/leboisdavanton.fr\\\/#\\\/schema\\\/logo\\\/image\\\/\"}}]}<\/script>\n<!-- \/ Yoast SEO plugin. -->","yoast_head_json":{"title":"Pension Canine poitiers - Pension Canine Familiale-Les Bois d&#039;Avanton Poitiers-Vienne- 86","description":"Pension canine pr\u00e8s de Poitiers et du Futuroscope : box confortables, parc s\u00e9curis\u00e9 de 600\u202fm\u00b2 et suivi v\u00e9t\u00e9rinaire.","robots":{"index":"index","follow":"follow","max-snippet":"max-snippet:-1","max-image-preview":"max-image-preview:large","max-video-preview":"max-video-preview:-1"},"canonical":"https:\/\/leboisdavanton.fr\/?page_id=32","og_locale":"fr_FR","og_type":"article","og_title":"Pension Canine poitiers - Pension Canine Familiale-Les Bois d&#039;Avanton Poitiers-Vienne- 86","og_description":"Pension canine pr\u00e8s de Poitiers et du Futuroscope : box confortables, parc s\u00e9curis\u00e9 de 600\u202fm\u00b2 et suivi v\u00e9t\u00e9rinaire.","og_url":"https:\/\/leboisdavanton.fr\/?page_id=32","og_site_name":"Pension Canine Familiale-Les Bois d&#039;Avanton Poitiers-Vienne- 86","article_modified_time":"2026-01-18T15:09:03+00:00","og_image":[{"url":"http:\/\/leboisdavanton.fr\/wp-content\/uploads\/2019\/02\/pension-canine-poitiers-vienne-86-futuroscope.jpg","type":"","width":"","height":""}],"twitter_card":"summary_large_image","twitter_misc":{"Dur\u00e9e de lecture estim\u00e9e":"2 minutes"},"schema":{"@context":"https:\/\/schema.org","@graph":[{"@type":"WebPage","@id":"https:\/\/leboisdavanton.fr\/?page_id=32","url":"https:\/\/leboisdavanton.fr\/?page_id=32","name":"Pension Canine poitiers - Pension Canine Familiale-Les Bois d&#039;Avanton Poitiers-Vienne- 86","isPartOf":{"@id":"https:\/\/leboisdavanton.fr\/#website"},"primaryImageOfPage":{"@id":"https:\/\/leboisdavanton.fr\/?page_id=32#primaryimage"},"image":{"@id":"https:\/\/leboisdavanton.fr\/?page_id=32#primaryimage"},"thumbnailUrl":"http:\/\/leboisdavanton.fr\/wp-content\/uploads\/2019\/02\/pension-canine-poitiers-vienne-86-futuroscope.jpg","datePublished":"2019-02-28T20:22:24+00:00","dateModified":"2026-01-18T15:09:03+00:00","description":"Pension canine pr\u00e8s de Poitiers et du Futuroscope : box confortables, parc s\u00e9curis\u00e9 de 600\u202fm\u00b2 et suivi v\u00e9t\u00e9rinaire.","breadcrumb":{"@id":"https:\/\/leboisdavanton.fr\/?page_id=32#breadcrumb"},"inLanguage":"fr-FR","potentialAction":[{"@type":"ReadAction","target":["https:\/\/leboisdavanton.fr\/?page_id=32"]}]},{"@type":"ImageObject","inLanguage":"fr-FR","@id":"https:\/\/leboisdavanton.fr\/?page_id=32#primaryimage","url":"http:\/\/leboisdavanton.fr\/wp-content\/uploads\/2019\/02\/pension-canine-poitiers-vienne-86-futuroscope.jpg","contentUrl":"http:\/\/leboisdavanton.fr\/wp-content\/uploads\/2019\/02\/pension-canine-poitiers-vienne-86-futuroscope.jpg"},{"@type":"BreadcrumbList","@id":"https:\/\/leboisdavanton.fr\/?page_id=32#breadcrumb","itemListElement":[{"@type":"ListItem","position":1,"name":"Accueil","item":"https:\/\/leboisdavanton.fr\/"},{"@type":"ListItem","position":2,"name":"Pension Canine poitiers"}]},{"@type":"WebSite","@id":"https:\/\/leboisdavanton.fr\/#website","url":"https:\/\/leboisdavanton.fr\/","name":"Pension Canine Familiale-Les Bois d'avanton Poitiers-Vienne- 86","description":"Pension pour Chien situ\u00e9e sur AVANTON dans un cadre bois\u00e9 de 2 hectares,dispose d\u2019un grand parc de d\u00e9tente de 600m2 dans la VIENNE (86) \u00e0 5 minutes du FUTUROSCOPE","publisher":{"@id":"https:\/\/leboisdavanton.fr\/#organization"},"potentialAction":[{"@type":"SearchAction","target":{"@type":"EntryPoint","urlTemplate":"https:\/\/leboisdavanton.fr\/?s={search_term_string}"},"query-input":{"@type":"PropertyValueSpecification","valueRequired":true,"valueName":"search_term_string"}}],"inLanguage":"fr-FR"},{"@type":"Organization","@id":"https:\/\/leboisdavanton.fr\/#organization","name":"Pension Canine Familiale-Les Bois d'avanton Poitiers-Vienne- 86","url":"https:\/\/leboisdavanton.fr\/","logo":{"@type":"ImageObject","inLanguage":"fr-FR","@id":"https:\/\/leboisdavanton.fr\/#\/schema\/logo\/image\/","url":"https:\/\/leboisdavanton.fr\/wp-content\/uploads\/2019\/02\/article-presse-vienne-poitiers-86000.jpg","contentUrl":"https:\/\/leboisdavanton.fr\/wp-content\/uploads\/2019\/02\/article-presse-vienne-poitiers-86000.jpg","width":1020,"height":573,"caption":"Pension Canine Familiale-Les Bois d'avanton Poitiers-Vienne- 86"},"image":{"@id":"https:\/\/leboisdavanton.fr\/#\/schema\/logo\/image\/"}}]}},"_links":{"self":[{"href":"https:\/\/leboisdavanton.fr\/index.php?rest_route=\/wp\/v2\/pages\/32","targetHints":{"allow":["GET"]}}],"collection":[{"href":"https:\/\/leboisdavanton.fr\/index.php?rest_route=\/wp\/v2\/pages"}],"about":[{"href":"https:\/\/leboisdavanton.fr\/index.php?rest_route=\/wp\/v2\/types\/page"}],"author":[{"embeddable":true,"href":"https:\/\/leboisdavanton.fr\/index.php?rest_route=\/wp\/v2\/users\/2"}],"replies":[{"embeddable":true,"href":"https:\/\/leboisdavanton.fr\/index.php?rest_route=%2Fwp%2Fv2%2Fcomments&post=32"}],"version-history":[{"count":38,"href":"https:\/\/leboisdavanton.fr\/index.php?rest_route=\/wp\/v2\/pages\/32\/revisions"}],"predecessor-version":[{"id":1407,"href":"https:\/\/leboisdavanton.fr\/index.php?rest_route=\/wp\/v2\/pages\/32\/revisions\/1407"}],"wp:attachment":[{"href":"https:\/\/leboisdavanton.fr\/index.php?rest_route=%2Fwp%2Fv2%2Fmedia&parent=32"}],"curies":[{"name":"wp","href":"https:\/\/api.w.org\/{rel}","templated":true}]}}