{"id":47,"date":"2019-02-28T21:41:00","date_gmt":"2019-02-28T20:41:00","guid":{"rendered":"http:\/\/localhost\/wordpress\/?page_id=47"},"modified":"2026-01-18T15:50:23","modified_gmt":"2026-01-18T14:50:23","slug":"videos-photos","status":"publish","type":"page","link":"https:\/\/leboisdavanton.fr\/?page_id=47","title":{"rendered":"photos des chiens en garde poitiers"},"content":{"rendered":"\n<h2 class=\"wp-block-heading has-text-align-center\"><span style=\"color:#9ea9b2\" class=\"tadv-color\">Quelques photos des chiens en garde<\/span><\/h2>\n\n\n\nngg_shortcode_0_placeholder\n\n\n\n\n\n<p><span style=\"color: #000000;\">Pr\u00e9sentation du <strong>chemin s\u00e9curis\u00e9<\/strong> qui m\u00e8ne de la pension canine au terrain de d\u00e9tente, les chiens peuvent courir !!!<\/span><\/p>\n\n\n\n<figure class=\"wp-block-video\"><video height=\"640\" style=\"aspect-ratio: 426 \/ 640;\" width=\"426\" controls src=\"https:\/\/leboisdavanton.fr\/wp-content\/uploads\/2019\/03\/django.mp4\"><\/video><\/figure>\n","protected":false},"excerpt":{"rendered":"<p>Quelques photos des chiens en garde Pr\u00e9sentation du chemin s\u00e9curis\u00e9 qui m\u00e8ne de la pension canine au terrain de d\u00e9tente, les chiens peuvent courir !!!<\/p>\n","protected":false},"author":2,"featured_media":0,"parent":0,"menu_order":0,"comment_status":"closed","ping_status":"closed","template":"","meta":{"ngg_post_thumbnail":0,"footnotes":""},"class_list":["post-47","page","type-page","status-publish","hentry"],"yoast_head":"<!-- This site is optimized with the Yoast SEO plugin v27.5 - https:\/\/yoast.com\/product\/yoast-seo-wordpress\/ -->\n<title>photos des chiens en garde poitiers - Pension Canine Familiale-Les Bois d&#039;Avanton Poitiers-Vienne- 86<\/title>\n<meta name=\"robots\" content=\"index, follow, max-snippet:-1, max-image-preview:large, max-video-preview:-1\" \/>\n<link rel=\"canonical\" href=\"https:\/\/leboisdavanton.fr\/?page_id=47\" \/>\n<meta property=\"og:locale\" content=\"fr_FR\" \/>\n<meta property=\"og:type\" content=\"article\" \/>\n<meta property=\"og:title\" content=\"photos des chiens en garde poitiers - Pension Canine Familiale-Les Bois d&#039;Avanton Poitiers-Vienne- 86\" \/>\n<meta property=\"og:description\" content=\"Quelques photos des chiens en garde Pr\u00e9sentation du chemin s\u00e9curis\u00e9 qui m\u00e8ne de la pension canine au terrain de d\u00e9tente, les chiens peuvent courir !!!\" \/>\n<meta property=\"og:url\" content=\"https:\/\/leboisdavanton.fr\/?page_id=47\" \/>\n<meta property=\"og:site_name\" content=\"Pension Canine Familiale-Les Bois d&#039;Avanton Poitiers-Vienne- 86\" \/>\n<meta property=\"article:modified_time\" content=\"2026-01-18T14:50:23+00:00\" \/>\n<meta name=\"twitter:card\" content=\"summary_large_image\" \/>\n<meta name=\"twitter:label1\" content=\"Dur\u00e9e de lecture estim\u00e9e\" \/>\n\t<meta name=\"twitter:data1\" content=\"1 minute\" \/>\n<script type=\"application\/ld+json\" class=\"yoast-schema-graph\">{\"@context\":\"https:\\\/\\\/schema.org\",\"@graph\":[{\"@type\":\"WebPage\",\"@id\":\"https:\\\/\\\/leboisdavanton.fr\\\/?page_id=47\",\"url\":\"https:\\\/\\\/leboisdavanton.fr\\\/?page_id=47\",\"name\":\"photos des chiens en garde poitiers - Pension Canine Familiale-Les Bois d&#039;Avanton Poitiers-Vienne- 86\",\"isPartOf\":{\"@id\":\"https:\\\/\\\/leboisdavanton.fr\\\/#website\"},\"datePublished\":\"2019-02-28T20:41:00+00:00\",\"dateModified\":\"2026-01-18T14:50:23+00:00\",\"breadcrumb\":{\"@id\":\"https:\\\/\\\/leboisdavanton.fr\\\/?page_id=47#breadcrumb\"},\"inLanguage\":\"fr-FR\",\"potentialAction\":[{\"@type\":\"ReadAction\",\"target\":[\"https:\\\/\\\/leboisdavanton.fr\\\/?page_id=47\"]}]},{\"@type\":\"BreadcrumbList\",\"@id\":\"https:\\\/\\\/leboisdavanton.fr\\\/?page_id=47#breadcrumb\",\"itemListElement\":[{\"@type\":\"ListItem\",\"position\":1,\"name\":\"Accueil\",\"item\":\"https:\\\/\\\/leboisdavanton.fr\\\/\"},{\"@type\":\"ListItem\",\"position\":2,\"name\":\"photos des chiens en garde poitiers\"}]},{\"@type\":\"WebSite\",\"@id\":\"https:\\\/\\\/leboisdavanton.fr\\\/#website\",\"url\":\"https:\\\/\\\/leboisdavanton.fr\\\/\",\"name\":\"Pension Canine Familiale-Les Bois d'avanton Poitiers-Vienne- 86\",\"description\":\"Pension pour Chien situ\u00e9e sur AVANTON dans un cadre bois\u00e9 de 2 hectares,dispose d\u2019un grand parc de d\u00e9tente de 600m2 dans la VIENNE (86) \u00e0 5 minutes du FUTUROSCOPE\",\"publisher\":{\"@id\":\"https:\\\/\\\/leboisdavanton.fr\\\/#organization\"},\"potentialAction\":[{\"@type\":\"SearchAction\",\"target\":{\"@type\":\"EntryPoint\",\"urlTemplate\":\"https:\\\/\\\/leboisdavanton.fr\\\/?s={search_term_string}\"},\"query-input\":{\"@type\":\"PropertyValueSpecification\",\"valueRequired\":true,\"valueName\":\"search_term_string\"}}],\"inLanguage\":\"fr-FR\"},{\"@type\":\"Organization\",\"@id\":\"https:\\\/\\\/leboisdavanton.fr\\\/#organization\",\"name\":\"Pension Canine Familiale-Les Bois d'avanton Poitiers-Vienne- 86\",\"url\":\"https:\\\/\\\/leboisdavanton.fr\\\/\",\"logo\":{\"@type\":\"ImageObject\",\"inLanguage\":\"fr-FR\",\"@id\":\"https:\\\/\\\/leboisdavanton.fr\\\/#\\\/schema\\\/logo\\\/image\\\/\",\"url\":\"https:\\\/\\\/leboisdavanton.fr\\\/wp-content\\\/uploads\\\/2019\\\/02\\\/article-presse-vienne-poitiers-86000.jpg\",\"contentUrl\":\"https:\\\/\\\/leboisdavanton.fr\\\/wp-content\\\/uploads\\\/2019\\\/02\\\/article-presse-vienne-poitiers-86000.jpg\",\"width\":1020,\"height\":573,\"caption\":\"Pension Canine Familiale-Les Bois d'avanton Poitiers-Vienne- 86\"},\"image\":{\"@id\":\"https:\\\/\\\/leboisdavanton.fr\\\/#\\\/schema\\\/logo\\\/image\\\/\"}}]}<\/script>\n<!-- \/ Yoast SEO plugin. -->","yoast_head_json":{"title":"photos des chiens en garde poitiers - Pension Canine Familiale-Les Bois d&#039;Avanton Poitiers-Vienne- 86","robots":{"index":"index","follow":"follow","max-snippet":"max-snippet:-1","max-image-preview":"max-image-preview:large","max-video-preview":"max-video-preview:-1"},"canonical":"https:\/\/leboisdavanton.fr\/?page_id=47","og_locale":"fr_FR","og_type":"article","og_title":"photos des chiens en garde poitiers - Pension Canine Familiale-Les Bois d&#039;Avanton Poitiers-Vienne- 86","og_description":"Quelques photos des chiens en garde Pr\u00e9sentation du chemin s\u00e9curis\u00e9 qui m\u00e8ne de la pension canine au terrain de d\u00e9tente, les chiens peuvent courir !!!","og_url":"https:\/\/leboisdavanton.fr\/?page_id=47","og_site_name":"Pension Canine Familiale-Les Bois d&#039;Avanton Poitiers-Vienne- 86","article_modified_time":"2026-01-18T14:50:23+00:00","twitter_card":"summary_large_image","twitter_misc":{"Dur\u00e9e de lecture estim\u00e9e":"1 minute"},"schema":{"@context":"https:\/\/schema.org","@graph":[{"@type":"WebPage","@id":"https:\/\/leboisdavanton.fr\/?page_id=47","url":"https:\/\/leboisdavanton.fr\/?page_id=47","name":"photos des chiens en garde poitiers - Pension Canine Familiale-Les Bois d&#039;Avanton Poitiers-Vienne- 86","isPartOf":{"@id":"https:\/\/leboisdavanton.fr\/#website"},"datePublished":"2019-02-28T20:41:00+00:00","dateModified":"2026-01-18T14:50:23+00:00","breadcrumb":{"@id":"https:\/\/leboisdavanton.fr\/?page_id=47#breadcrumb"},"inLanguage":"fr-FR","potentialAction":[{"@type":"ReadAction","target":["https:\/\/leboisdavanton.fr\/?page_id=47"]}]},{"@type":"BreadcrumbList","@id":"https:\/\/leboisdavanton.fr\/?page_id=47#breadcrumb","itemListElement":[{"@type":"ListItem","position":1,"name":"Accueil","item":"https:\/\/leboisdavanton.fr\/"},{"@type":"ListItem","position":2,"name":"photos des chiens en garde poitiers"}]},{"@type":"WebSite","@id":"https:\/\/leboisdavanton.fr\/#website","url":"https:\/\/leboisdavanton.fr\/","name":"Pension Canine Familiale-Les Bois d'avanton Poitiers-Vienne- 86","description":"Pension pour Chien situ\u00e9e sur AVANTON dans un cadre bois\u00e9 de 2 hectares,dispose d\u2019un grand parc de d\u00e9tente de 600m2 dans la VIENNE (86) \u00e0 5 minutes du FUTUROSCOPE","publisher":{"@id":"https:\/\/leboisdavanton.fr\/#organization"},"potentialAction":[{"@type":"SearchAction","target":{"@type":"EntryPoint","urlTemplate":"https:\/\/leboisdavanton.fr\/?s={search_term_string}"},"query-input":{"@type":"PropertyValueSpecification","valueRequired":true,"valueName":"search_term_string"}}],"inLanguage":"fr-FR"},{"@type":"Organization","@id":"https:\/\/leboisdavanton.fr\/#organization","name":"Pension Canine Familiale-Les Bois d'avanton Poitiers-Vienne- 86","url":"https:\/\/leboisdavanton.fr\/","logo":{"@type":"ImageObject","inLanguage":"fr-FR","@id":"https:\/\/leboisdavanton.fr\/#\/schema\/logo\/image\/","url":"https:\/\/leboisdavanton.fr\/wp-content\/uploads\/2019\/02\/article-presse-vienne-poitiers-86000.jpg","contentUrl":"https:\/\/leboisdavanton.fr\/wp-content\/uploads\/2019\/02\/article-presse-vienne-poitiers-86000.jpg","width":1020,"height":573,"caption":"Pension Canine Familiale-Les Bois d'avanton Poitiers-Vienne- 86"},"image":{"@id":"https:\/\/leboisdavanton.fr\/#\/schema\/logo\/image\/"}}]}},"_links":{"self":[{"href":"https:\/\/leboisdavanton.fr\/index.php?rest_route=\/wp\/v2\/pages\/47","targetHints":{"allow":["GET"]}}],"collection":[{"href":"https:\/\/leboisdavanton.fr\/index.php?rest_route=\/wp\/v2\/pages"}],"about":[{"href":"https:\/\/leboisdavanton.fr\/index.php?rest_route=\/wp\/v2\/types\/page"}],"author":[{"embeddable":true,"href":"https:\/\/leboisdavanton.fr\/index.php?rest_route=\/wp\/v2\/users\/2"}],"replies":[{"embeddable":true,"href":"https:\/\/leboisdavanton.fr\/index.php?rest_route=%2Fwp%2Fv2%2Fcomments&post=47"}],"version-history":[{"count":31,"href":"https:\/\/leboisdavanton.fr\/index.php?rest_route=\/wp\/v2\/pages\/47\/revisions"}],"predecessor-version":[{"id":1398,"href":"https:\/\/leboisdavanton.fr\/index.php?rest_route=\/wp\/v2\/pages\/47\/revisions\/1398"}],"wp:attachment":[{"href":"https:\/\/leboisdavanton.fr\/index.php?rest_route=%2Fwp%2Fv2%2Fmedia&parent=47"}],"curies":[{"name":"wp","href":"https:\/\/api.w.org\/{rel}","templated":true}]}}