{"id":51,"date":"2019-02-28T21:44:12","date_gmt":"2019-02-28T20:44:12","guid":{"rendered":"http:\/\/localhost\/wordpress\/?page_id=51"},"modified":"2026-01-18T15:52:40","modified_gmt":"2026-01-18T14:52:40","slug":"prestations","status":"publish","type":"page","link":"https:\/\/leboisdavanton.fr\/?page_id=51","title":{"rendered":"Prestations de vos chiens en pension"},"content":{"rendered":"<div class=\"wp-block-image\">\n<figure class=\"aligncenter\"><img loading=\"lazy\" decoding=\"async\" width=\"1024\" height=\"683\" src=\"https:\/\/leboisdavanton.fr\/wp-content\/uploads\/2019\/03\/chien-pension-canine-vienne-86-futuroscope-1024x683.jpg\" alt=\"mon chien dans la foret de la pension canine\" class=\"wp-image-698\" srcset=\"https:\/\/leboisdavanton.fr\/wp-content\/uploads\/2019\/03\/chien-pension-canine-vienne-86-futuroscope.jpg 1024w, https:\/\/leboisdavanton.fr\/wp-content\/uploads\/2019\/03\/chien-pension-canine-vienne-86-futuroscope-300x200.jpg 300w, https:\/\/leboisdavanton.fr\/wp-content\/uploads\/2019\/03\/chien-pension-canine-vienne-86-futuroscope-768x512.jpg 768w\" sizes=\"auto, (max-width: 1024px) 100vw, 1024px\" \/><\/figure>\n<\/div>\n\n\n<h2 class=\"wp-block-heading has-text-align-center\"><span style=\"color:#9ea9b2\" class=\"tadv-color\">Les services que nous proposons<\/span><\/h2>\n\n\n\n<ul class=\"wp-block-list\">\n<li><span style=\"color:#000000\" class=\"tadv-color\">Si votre animal a besoin de soins, nous les r\u00e9aliserons sans probl\u00e8mes (veuillez fournir l&rsquo;ordonnance du v\u00e9t\u00e9rinaire).<\/span><\/li>\n<\/ul>\n\n\n\n<ul class=\"wp-block-list\">\n<li>Nous vous demanderons d&rsquo;apporter les croquettes de votre chien afin d&rsquo;\u00e9viter tout d\u00e9sordre intestinal.<span class=\"tadv-color\" style=\"color:#000000\"><\/span><\/li>\n<\/ul>\n\n\n\n<ul class=\"wp-block-list\">\n<li><span style=\"color:#000000\" class=\"tadv-color\">Si vous souhaitez \u00e9galement, vous pouvez apporter ses effets personnels si vous pensez que cela peut le rassurer (panier, jouets&#8230;..).<\/span><\/li>\n<\/ul>\n\n\n\n<ul>\n<li><span style=\"color: #000000;\">Pour les chiens cat\u00e9goris\u00e9s, merci de nous apporter leur museli\u00e8re.<\/span><\/li>\n<\/ul>\n","protected":false},"excerpt":{"rendered":"<p>Les services que nous proposons Pour les chiens cat\u00e9goris\u00e9s, merci de nous apporter leur museli\u00e8re.<\/p>\n","protected":false},"author":2,"featured_media":0,"parent":0,"menu_order":0,"comment_status":"closed","ping_status":"closed","template":"","meta":{"ngg_post_thumbnail":0,"footnotes":""},"class_list":["post-51","page","type-page","status-publish","hentry"],"yoast_head":"<!-- This site is optimized with the Yoast SEO plugin v27.5 - https:\/\/yoast.com\/product\/yoast-seo-wordpress\/ -->\n<title>Prestations de vos chiens en pension - Pension Canine Familiale-Les Bois d&#039;Avanton Poitiers-Vienne- 86<\/title>\n<meta name=\"description\" content=\"Soins personnalis\u00e9s et s\u00e9curit\u00e9 pour votre chien : apportez croquettes, effets personnels et museli\u00e8re si n\u00e9cessaire. Accueil bienveillant garanti.\" \/>\n<meta name=\"robots\" content=\"index, follow, max-snippet:-1, max-image-preview:large, max-video-preview:-1\" \/>\n<link rel=\"canonical\" href=\"https:\/\/leboisdavanton.fr\/?page_id=51\" \/>\n<meta property=\"og:locale\" content=\"fr_FR\" \/>\n<meta property=\"og:type\" content=\"article\" \/>\n<meta property=\"og:title\" content=\"Prestations de vos chiens en pension - Pension Canine Familiale-Les Bois d&#039;Avanton Poitiers-Vienne- 86\" \/>\n<meta property=\"og:description\" content=\"Soins personnalis\u00e9s et s\u00e9curit\u00e9 pour votre chien : apportez croquettes, effets personnels et museli\u00e8re si n\u00e9cessaire. Accueil bienveillant garanti.\" \/>\n<meta property=\"og:url\" content=\"https:\/\/leboisdavanton.fr\/?page_id=51\" \/>\n<meta property=\"og:site_name\" content=\"Pension Canine Familiale-Les Bois d&#039;Avanton Poitiers-Vienne- 86\" \/>\n<meta property=\"article:modified_time\" content=\"2026-01-18T14:52:40+00:00\" \/>\n<meta property=\"og:image\" content=\"http:\/\/leboisdavanton.fr\/wp-content\/uploads\/2019\/03\/chien-pension-canine-vienne-86-futuroscope-1024x683.jpg\" \/>\n<meta name=\"twitter:card\" content=\"summary_large_image\" \/>\n<meta name=\"twitter:label1\" content=\"Dur\u00e9e de lecture estim\u00e9e\" \/>\n\t<meta name=\"twitter:data1\" content=\"1 minute\" \/>\n<script type=\"application\/ld+json\" class=\"yoast-schema-graph\">{\"@context\":\"https:\\\/\\\/schema.org\",\"@graph\":[{\"@type\":\"WebPage\",\"@id\":\"https:\\\/\\\/leboisdavanton.fr\\\/?page_id=51\",\"url\":\"https:\\\/\\\/leboisdavanton.fr\\\/?page_id=51\",\"name\":\"Prestations de vos chiens en pension - Pension Canine Familiale-Les Bois d&#039;Avanton Poitiers-Vienne- 86\",\"isPartOf\":{\"@id\":\"https:\\\/\\\/leboisdavanton.fr\\\/#website\"},\"primaryImageOfPage\":{\"@id\":\"https:\\\/\\\/leboisdavanton.fr\\\/?page_id=51#primaryimage\"},\"image\":{\"@id\":\"https:\\\/\\\/leboisdavanton.fr\\\/?page_id=51#primaryimage\"},\"thumbnailUrl\":\"http:\\\/\\\/leboisdavanton.fr\\\/wp-content\\\/uploads\\\/2019\\\/03\\\/chien-pension-canine-vienne-86-futuroscope-1024x683.jpg\",\"datePublished\":\"2019-02-28T20:44:12+00:00\",\"dateModified\":\"2026-01-18T14:52:40+00:00\",\"description\":\"Soins personnalis\u00e9s et s\u00e9curit\u00e9 pour votre chien : apportez croquettes, effets personnels et museli\u00e8re si n\u00e9cessaire. Accueil bienveillant garanti.\",\"breadcrumb\":{\"@id\":\"https:\\\/\\\/leboisdavanton.fr\\\/?page_id=51#breadcrumb\"},\"inLanguage\":\"fr-FR\",\"potentialAction\":[{\"@type\":\"ReadAction\",\"target\":[\"https:\\\/\\\/leboisdavanton.fr\\\/?page_id=51\"]}]},{\"@type\":\"ImageObject\",\"inLanguage\":\"fr-FR\",\"@id\":\"https:\\\/\\\/leboisdavanton.fr\\\/?page_id=51#primaryimage\",\"url\":\"http:\\\/\\\/leboisdavanton.fr\\\/wp-content\\\/uploads\\\/2019\\\/03\\\/chien-pension-canine-vienne-86-futuroscope-1024x683.jpg\",\"contentUrl\":\"http:\\\/\\\/leboisdavanton.fr\\\/wp-content\\\/uploads\\\/2019\\\/03\\\/chien-pension-canine-vienne-86-futuroscope-1024x683.jpg\"},{\"@type\":\"BreadcrumbList\",\"@id\":\"https:\\\/\\\/leboisdavanton.fr\\\/?page_id=51#breadcrumb\",\"itemListElement\":[{\"@type\":\"ListItem\",\"position\":1,\"name\":\"Accueil\",\"item\":\"https:\\\/\\\/leboisdavanton.fr\\\/\"},{\"@type\":\"ListItem\",\"position\":2,\"name\":\"Prestations de vos chiens en pension\"}]},{\"@type\":\"WebSite\",\"@id\":\"https:\\\/\\\/leboisdavanton.fr\\\/#website\",\"url\":\"https:\\\/\\\/leboisdavanton.fr\\\/\",\"name\":\"Pension Canine Familiale-Les Bois d'avanton Poitiers-Vienne- 86\",\"description\":\"Pension pour Chien situ\u00e9e sur AVANTON dans un cadre bois\u00e9 de 2 hectares,dispose d\u2019un grand parc de d\u00e9tente de 600m2 dans la VIENNE (86) \u00e0 5 minutes du FUTUROSCOPE\",\"publisher\":{\"@id\":\"https:\\\/\\\/leboisdavanton.fr\\\/#organization\"},\"potentialAction\":[{\"@type\":\"SearchAction\",\"target\":{\"@type\":\"EntryPoint\",\"urlTemplate\":\"https:\\\/\\\/leboisdavanton.fr\\\/?s={search_term_string}\"},\"query-input\":{\"@type\":\"PropertyValueSpecification\",\"valueRequired\":true,\"valueName\":\"search_term_string\"}}],\"inLanguage\":\"fr-FR\"},{\"@type\":\"Organization\",\"@id\":\"https:\\\/\\\/leboisdavanton.fr\\\/#organization\",\"name\":\"Pension Canine Familiale-Les Bois d'avanton Poitiers-Vienne- 86\",\"url\":\"https:\\\/\\\/leboisdavanton.fr\\\/\",\"logo\":{\"@type\":\"ImageObject\",\"inLanguage\":\"fr-FR\",\"@id\":\"https:\\\/\\\/leboisdavanton.fr\\\/#\\\/schema\\\/logo\\\/image\\\/\",\"url\":\"https:\\\/\\\/leboisdavanton.fr\\\/wp-content\\\/uploads\\\/2019\\\/02\\\/article-presse-vienne-poitiers-86000.jpg\",\"contentUrl\":\"https:\\\/\\\/leboisdavanton.fr\\\/wp-content\\\/uploads\\\/2019\\\/02\\\/article-presse-vienne-poitiers-86000.jpg\",\"width\":1020,\"height\":573,\"caption\":\"Pension Canine Familiale-Les Bois d'avanton Poitiers-Vienne- 86\"},\"image\":{\"@id\":\"https:\\\/\\\/leboisdavanton.fr\\\/#\\\/schema\\\/logo\\\/image\\\/\"}}]}<\/script>\n<!-- \/ Yoast SEO plugin. -->","yoast_head_json":{"title":"Prestations de vos chiens en pension - Pension Canine Familiale-Les Bois d&#039;Avanton Poitiers-Vienne- 86","description":"Soins personnalis\u00e9s et s\u00e9curit\u00e9 pour votre chien : apportez croquettes, effets personnels et museli\u00e8re si n\u00e9cessaire. Accueil bienveillant garanti.","robots":{"index":"index","follow":"follow","max-snippet":"max-snippet:-1","max-image-preview":"max-image-preview:large","max-video-preview":"max-video-preview:-1"},"canonical":"https:\/\/leboisdavanton.fr\/?page_id=51","og_locale":"fr_FR","og_type":"article","og_title":"Prestations de vos chiens en pension - Pension Canine Familiale-Les Bois d&#039;Avanton Poitiers-Vienne- 86","og_description":"Soins personnalis\u00e9s et s\u00e9curit\u00e9 pour votre chien : apportez croquettes, effets personnels et museli\u00e8re si n\u00e9cessaire. Accueil bienveillant garanti.","og_url":"https:\/\/leboisdavanton.fr\/?page_id=51","og_site_name":"Pension Canine Familiale-Les Bois d&#039;Avanton Poitiers-Vienne- 86","article_modified_time":"2026-01-18T14:52:40+00:00","og_image":[{"url":"http:\/\/leboisdavanton.fr\/wp-content\/uploads\/2019\/03\/chien-pension-canine-vienne-86-futuroscope-1024x683.jpg","type":"","width":"","height":""}],"twitter_card":"summary_large_image","twitter_misc":{"Dur\u00e9e de lecture estim\u00e9e":"1 minute"},"schema":{"@context":"https:\/\/schema.org","@graph":[{"@type":"WebPage","@id":"https:\/\/leboisdavanton.fr\/?page_id=51","url":"https:\/\/leboisdavanton.fr\/?page_id=51","name":"Prestations de vos chiens en pension - Pension Canine Familiale-Les Bois d&#039;Avanton Poitiers-Vienne- 86","isPartOf":{"@id":"https:\/\/leboisdavanton.fr\/#website"},"primaryImageOfPage":{"@id":"https:\/\/leboisdavanton.fr\/?page_id=51#primaryimage"},"image":{"@id":"https:\/\/leboisdavanton.fr\/?page_id=51#primaryimage"},"thumbnailUrl":"http:\/\/leboisdavanton.fr\/wp-content\/uploads\/2019\/03\/chien-pension-canine-vienne-86-futuroscope-1024x683.jpg","datePublished":"2019-02-28T20:44:12+00:00","dateModified":"2026-01-18T14:52:40+00:00","description":"Soins personnalis\u00e9s et s\u00e9curit\u00e9 pour votre chien : apportez croquettes, effets personnels et museli\u00e8re si n\u00e9cessaire. Accueil bienveillant garanti.","breadcrumb":{"@id":"https:\/\/leboisdavanton.fr\/?page_id=51#breadcrumb"},"inLanguage":"fr-FR","potentialAction":[{"@type":"ReadAction","target":["https:\/\/leboisdavanton.fr\/?page_id=51"]}]},{"@type":"ImageObject","inLanguage":"fr-FR","@id":"https:\/\/leboisdavanton.fr\/?page_id=51#primaryimage","url":"http:\/\/leboisdavanton.fr\/wp-content\/uploads\/2019\/03\/chien-pension-canine-vienne-86-futuroscope-1024x683.jpg","contentUrl":"http:\/\/leboisdavanton.fr\/wp-content\/uploads\/2019\/03\/chien-pension-canine-vienne-86-futuroscope-1024x683.jpg"},{"@type":"BreadcrumbList","@id":"https:\/\/leboisdavanton.fr\/?page_id=51#breadcrumb","itemListElement":[{"@type":"ListItem","position":1,"name":"Accueil","item":"https:\/\/leboisdavanton.fr\/"},{"@type":"ListItem","position":2,"name":"Prestations de vos chiens en pension"}]},{"@type":"WebSite","@id":"https:\/\/leboisdavanton.fr\/#website","url":"https:\/\/leboisdavanton.fr\/","name":"Pension Canine Familiale-Les Bois d'avanton Poitiers-Vienne- 86","description":"Pension pour Chien situ\u00e9e sur AVANTON dans un cadre bois\u00e9 de 2 hectares,dispose d\u2019un grand parc de d\u00e9tente de 600m2 dans la VIENNE (86) \u00e0 5 minutes du FUTUROSCOPE","publisher":{"@id":"https:\/\/leboisdavanton.fr\/#organization"},"potentialAction":[{"@type":"SearchAction","target":{"@type":"EntryPoint","urlTemplate":"https:\/\/leboisdavanton.fr\/?s={search_term_string}"},"query-input":{"@type":"PropertyValueSpecification","valueRequired":true,"valueName":"search_term_string"}}],"inLanguage":"fr-FR"},{"@type":"Organization","@id":"https:\/\/leboisdavanton.fr\/#organization","name":"Pension Canine Familiale-Les Bois d'avanton Poitiers-Vienne- 86","url":"https:\/\/leboisdavanton.fr\/","logo":{"@type":"ImageObject","inLanguage":"fr-FR","@id":"https:\/\/leboisdavanton.fr\/#\/schema\/logo\/image\/","url":"https:\/\/leboisdavanton.fr\/wp-content\/uploads\/2019\/02\/article-presse-vienne-poitiers-86000.jpg","contentUrl":"https:\/\/leboisdavanton.fr\/wp-content\/uploads\/2019\/02\/article-presse-vienne-poitiers-86000.jpg","width":1020,"height":573,"caption":"Pension Canine Familiale-Les Bois d'avanton Poitiers-Vienne- 86"},"image":{"@id":"https:\/\/leboisdavanton.fr\/#\/schema\/logo\/image\/"}}]}},"_links":{"self":[{"href":"https:\/\/leboisdavanton.fr\/index.php?rest_route=\/wp\/v2\/pages\/51","targetHints":{"allow":["GET"]}}],"collection":[{"href":"https:\/\/leboisdavanton.fr\/index.php?rest_route=\/wp\/v2\/pages"}],"about":[{"href":"https:\/\/leboisdavanton.fr\/index.php?rest_route=\/wp\/v2\/types\/page"}],"author":[{"embeddable":true,"href":"https:\/\/leboisdavanton.fr\/index.php?rest_route=\/wp\/v2\/users\/2"}],"replies":[{"embeddable":true,"href":"https:\/\/leboisdavanton.fr\/index.php?rest_route=%2Fwp%2Fv2%2Fcomments&post=51"}],"version-history":[{"count":23,"href":"https:\/\/leboisdavanton.fr\/index.php?rest_route=\/wp\/v2\/pages\/51\/revisions"}],"predecessor-version":[{"id":1400,"href":"https:\/\/leboisdavanton.fr\/index.php?rest_route=\/wp\/v2\/pages\/51\/revisions\/1400"}],"wp:attachment":[{"href":"https:\/\/leboisdavanton.fr\/index.php?rest_route=%2Fwp%2Fv2%2Fmedia&parent=51"}],"curies":[{"name":"wp","href":"https:\/\/api.w.org\/{rel}","templated":true}]}}