{"id":7,"date":"2019-02-28T20:43:43","date_gmt":"2019-02-28T19:43:43","guid":{"rendered":"http:\/\/localhost\/wordpress\/?page_id=7"},"modified":"2026-01-24T15:03:29","modified_gmt":"2026-01-24T14:03:29","slug":"accueil","status":"publish","type":"page","link":"https:\/\/leboisdavanton.fr\/","title":{"rendered":"Pension canine \u00e0 Avanton pr\u00e8s de Poitiers et du Futuroscope"},"content":{"rendered":"\n<div style=\"height:59px\" aria-hidden=\"true\" class=\"wp-block-spacer\"><\/div>\n\n\n\n<h2 class=\"wp-block-heading has-text-align-center\">Pension canine familiale \u00e0 Avanton \u2013 pr\u00e8s de Poitiers et du Futuroscope<br><\/h2>\n\n\n\n<p class=\"has-text-align-center has-vivid-red-color has-text-color has-link-color has-medium-font-size wp-elements-d5d877a7a007daa7327fb497be91f68a\">Fermeture de la pension canine pour cong\u00e9s d&rsquo;\u00e9t\u00e9 du 20 Juin 2026 11h au 03 Juillet 2026 15h <\/p>\n\n\n\n<div style=\"height:42px\" aria-hidden=\"true\" class=\"wp-block-spacer\"><\/div>\n\n\n<div class=\"wp-block-image\">\n<figure class=\"aligncenter is-resized\"><img loading=\"lazy\" decoding=\"async\" width=\"1020\" height=\"573\" src=\"https:\/\/leboisdavanton.fr\/wp-content\/uploads\/2019\/02\/article-presse-vienne-poitiers-86000.jpg\" alt=\"article presse vienne poitiers 86000\" class=\"wp-image-67\" style=\"width:363px;height:203px\"\/><\/figure>\n<\/div>\n\n\n<p><br>Confier son chien n\u2019est jamais une d\u00e9cision facile.<\/p>\n\n\n\n<p>Dans notre <strong>pension canine \u00e0 Poitiers (86)<\/strong>, situ\u00e9e \u00e0 Avanton, nous faisons tout pour que chaque chien se sente en s\u00e9curit\u00e9, d\u00e9tendu et entour\u00e9.<\/p>\n\n\n\n<p>Ici, votre compagnon n\u2019est pas un num\u00e9ro : il fait partie de la famille le temps de son s\u00e9jour.<\/p>\n\n\n\n<p><br><\/p>\n\n\n\n<div style=\"height:40px\" aria-hidden=\"true\" class=\"wp-block-spacer\"><\/div>\n\n\n\n<h2 class=\"wp-block-heading\">Un cadre naturel pour le bien-\u00eatre de votre chien<\/h2>\n\n\n<div class=\"wp-block-image\">\n<figure class=\"aligncenter size-full is-resized\"><img loading=\"lazy\" decoding=\"async\" width=\"1024\" height=\"768\" src=\"https:\/\/leboisdavanton.fr\/wp-content\/uploads\/2019\/03\/pension-canine-vienne-poitiers-86000-futuroscope.jpg\" alt=\"pension canine avanton proche futuroscope \" class=\"wp-image-653\" style=\"width:438px;height:auto\" srcset=\"https:\/\/leboisdavanton.fr\/wp-content\/uploads\/2019\/03\/pension-canine-vienne-poitiers-86000-futuroscope.jpg 1024w, https:\/\/leboisdavanton.fr\/wp-content\/uploads\/2019\/03\/pension-canine-vienne-poitiers-86000-futuroscope-300x225.jpg 300w, https:\/\/leboisdavanton.fr\/wp-content\/uploads\/2019\/03\/pension-canine-vienne-poitiers-86000-futuroscope-768x576.jpg 768w\" sizes=\"auto, (max-width: 1024px) 100vw, 1024px\" \/><\/figure>\n<\/div>\n\n\n<p><br>Situ\u00e9e dans un <strong>environnement bois\u00e9 de 2 hectares<\/strong>, notre pension est \u00e0 quelques minutes de Poitiers et du Futuroscope.<br><br>Cet espace calme et s\u00e9curis\u00e9 permet \u00e0 votre chien de <strong>se reposer, jouer et profiter de l\u2019ext\u00e9rieur<\/strong> dans de tr\u00e8s bonnes conditions.<br><br>Nous avons choisi ce lieu pour offrir un v\u00e9ritable <strong>havre de tranquillit\u00e9<\/strong>, loin du stress et du bruit.<\/p>\n\n\n\n<div style=\"height:36px\" aria-hidden=\"true\" class=\"wp-block-spacer\"><\/div>\n\n\n\n\n\n<h3 class=\"wp-block-heading\">Une pension canine \u00e0 Avanton, pr\u00e8s de Poitiers (86)<\/h3>\n\n\n<div class=\"wp-block-image\">\n<figure class=\"aligncenter size-full is-resized\"><img loading=\"lazy\" decoding=\"async\" width=\"3696\" height=\"2448\" src=\"https:\/\/leboisdavanton.fr\/wp-content\/uploads\/2019\/03\/niche-garde-de-chien-vienne.jpg\" alt=\"\" class=\"wp-image-347\" style=\"width:424px;height:auto\"\/><\/figure>\n<\/div>\n\n\n<p><br>Situ\u00e9e \u00e0 Avanton, notre <strong>pension canine \u00e0 Poitiers (86)<\/strong> accueille vos chiens dans un cadre s\u00e9curis\u00e9 et chaleureux, au milieu d\u2019un environnement naturel de 2 hectares.<\/p>\n\n\n\n<div style=\"height:40px\" aria-hidden=\"true\" class=\"wp-block-spacer\"><\/div>\n\n\n\n<h2 class=\"wp-block-heading\">Une pension canine \u00e0 taille humaine<br><\/h2>\n\n\n<div class=\"wp-block-image\">\n<figure class=\"aligncenter is-resized\"><img loading=\"lazy\" decoding=\"async\" width=\"1024\" height=\"683\" src=\"https:\/\/leboisdavanton.fr\/wp-content\/uploads\/2019\/03\/pension-pour-chien-poitiers-vienne-86000-futuroscope-1-1024x683.jpg\" alt=\"pension-pour-chien-poitiers-vienne-86000-futuroscope\" class=\"wp-image-694\" style=\"width:376px;height:250px\" srcset=\"https:\/\/leboisdavanton.fr\/wp-content\/uploads\/2019\/03\/pension-pour-chien-poitiers-vienne-86000-futuroscope-1.jpg 1024w, https:\/\/leboisdavanton.fr\/wp-content\/uploads\/2019\/03\/pension-pour-chien-poitiers-vienne-86000-futuroscope-1-300x200.jpg 300w, https:\/\/leboisdavanton.fr\/wp-content\/uploads\/2019\/03\/pension-pour-chien-poitiers-vienne-86000-futuroscope-1-768x512.jpg 768w\" sizes=\"auto, (max-width: 1024px) 100vw, 1024px\" \/><\/figure>\n<\/div>\n\n\n<p><br>Chaque chien m\u00e9rite une attention particuli\u00e8re.<br><br>Nous prenons le temps de <strong>conna\u00eetre ses habitudes et son caract\u00e8re<\/strong> pour l\u2019accueillir dans les meilleures conditions, qu\u2019il soit joueur, calme, jeune ou plus \u00e2g\u00e9.<br><br>Nous accueillons toutes les races de chiens, <strong>y compris les chiens de cat\u00e9gorie<\/strong>, toujours dans le respect de leur temp\u00e9rament et de leurs besoins.<\/p>\n\n\n\n<div style=\"height:40px\" aria-hidden=\"true\" class=\"wp-block-spacer\"><\/div>\n\n\n\n<h2 class=\"wp-block-heading\">Des installations confortables et s\u00e9curis\u00e9es<\/h2>\n\n\n<div class=\"wp-block-image\">\n<figure class=\"aligncenter is-resized\"><img loading=\"lazy\" decoding=\"async\" width=\"1024\" height=\"768\" src=\"https:\/\/leboisdavanton.fr\/wp-content\/uploads\/2020\/02\/pension-canine-poitiers-vienne-86-futuroscope-1024x768.jpg\" alt=\"pension-canine-poitiers-vienne-86-futuroscope\" class=\"wp-image-906\" style=\"width:379px;height:284px\" srcset=\"https:\/\/leboisdavanton.fr\/wp-content\/uploads\/2020\/02\/pension-canine-poitiers-vienne-86-futuroscope-1024x768.jpg 1024w, https:\/\/leboisdavanton.fr\/wp-content\/uploads\/2020\/02\/pension-canine-poitiers-vienne-86-futuroscope-300x225.jpg 300w, https:\/\/leboisdavanton.fr\/wp-content\/uploads\/2020\/02\/pension-canine-poitiers-vienne-86-futuroscope-768x576.jpg 768w, https:\/\/leboisdavanton.fr\/wp-content\/uploads\/2020\/02\/pension-canine-poitiers-vienne-86-futuroscope-1440x1080.jpg 1440w\" sizes=\"auto, (max-width: 1024px) 100vw, 1024px\" \/><\/figure>\n<\/div>\n\n\n<p><\/p>\n\n\n\n<div style=\"height:40px\" aria-hidden=\"true\" class=\"wp-block-spacer\"><\/div>\n\n\n\n<p>Pour le confort de votre chien, nous proposons :<\/p>\n\n\n\n<ul class=\"wp-block-list\">\n<li><strong>Chalets en bois et box spacieux<\/strong> pour se reposer en toute tranquillit\u00e9<\/li>\n\n\n\n<li><strong>Espaces prot\u00e9g\u00e9s et calmes<\/strong>, pens\u00e9s comme un petit cocon<\/li>\n\n\n\n<li><strong>Acc\u00e8s \u00e0 l\u2019ext\u00e9rieur<\/strong> pour des moments de jeu et de d\u00e9tente<\/li>\n<\/ul>\n\n\n\n<p>Chaque d\u00e9tail est pens\u00e9 pour que votre chien se sente <strong>\u00e0 l\u2019aise et en s\u00e9curit\u00e9<\/strong> pendant son s\u00e9jour.<\/p>\n\n\n\n<div style=\"height:35px\" aria-hidden=\"true\" class=\"wp-block-spacer\"><\/div>\n\n\n\n<h2 class=\"wp-block-heading has-text-align-left\">\u00c0 propos de nous<\/h2>\n\n\n<div class=\"wp-block-image\">\n<figure class=\"aligncenter size-full is-resized\"><img loading=\"lazy\" decoding=\"async\" width=\"1020\" height=\"573\" src=\"https:\/\/leboisdavanton.fr\/wp-content\/uploads\/2019\/02\/article-presse-vienne-poitiers-86000.jpg\" alt=\"\" class=\"wp-image-67\" style=\"width:393px;height:auto\"\/><\/figure>\n<\/div>\n\n<div class=\"wp-block-image\">\n<figure class=\"aligncenter size-full is-resized\"><img loading=\"lazy\" decoding=\"async\" width=\"1024\" height=\"683\" src=\"https:\/\/leboisdavanton.fr\/wp-content\/uploads\/2026\/01\/image-1.png\" alt=\"\" class=\"wp-image-1348\" style=\"width:393px;height:auto\" srcset=\"https:\/\/leboisdavanton.fr\/wp-content\/uploads\/2026\/01\/image-1.png 1024w, https:\/\/leboisdavanton.fr\/wp-content\/uploads\/2026\/01\/image-1-300x200.png 300w, https:\/\/leboisdavanton.fr\/wp-content\/uploads\/2026\/01\/image-1-768x512.png 768w\" sizes=\"auto, (max-width: 1024px) 100vw, 1024px\" \/><\/figure>\n<\/div>\n\n\n<div style=\"height:33px\" aria-hidden=\"true\" class=\"wp-block-spacer\"><\/div>\n\n\n\n<p>Nous sommes <strong>un couple passionn\u00e9 par les chiens<\/strong>, et nous nous occupons personnellement de chaque compagnon qui vient chez nous.<br><br>Avec <strong>19 ans d\u2019exp\u00e9rience comme sage-femme<\/strong>, je suis habitu\u00e9e \u00e0 <strong>prendre soin et r\u00e9agir rapidement en cas de besoin<\/strong>.<br><br>Mon mari, <strong>\u00e9ducateur et comportementaliste canin<\/strong>, veille \u00e0 ce que chaque chien soit accueilli selon son <strong>caract\u00e8re et ses besoins<\/strong>.<\/p>\n\n\n\n<p>Nous proposons \u00e9galement <strong>une m\u00e9thode \u00e9ducative respectueuse<\/strong>, bas\u00e9e sur l\u2019apprentissage naturel et sans friandises.[<a href=\"https:\/\/www.ecc86.fr\" target=\"_blank\" rel=\"noreferrer noopener\">D\u00e9couvrez notre m\u00e9thode ici !<\/a>]<\/p>\n\n\n\n<div style=\"height:52px\" aria-hidden=\"true\" class=\"wp-block-spacer\"><\/div>\n\n\n\n<h2 class=\"wp-block-heading\">Horaires et prise de rendez-vous<\/h2>\n\n\n\n<p><strong>Horaires d\u2019accueil :<\/strong><\/p>\n\n\n\n<ul class=\"wp-block-list\">\n<li>Lundi au samedi : 9h \u2013 12h30 \/ 14h \u2013 18h<\/li>\n\n\n\n<li>Ferm\u00e9 le dimanche et les jours f\u00e9ri\u00e9s<\/li>\n<\/ul>\n\n\n\n<p data-start=\"2495\" data-end=\"2528\"><em><strong data-start=\"2495\" data-end=\"2526\">Vaccinations obligatoires :<\/strong><\/em><\/p>\n<ul data-start=\"2529\" data-end=\"2665\">\n<li data-start=\"2529\" data-end=\"2665\">\n<p data-start=\"2531\" data-end=\"2665\">La vaccination contre la <span style=\"color: #ff0000;\"><strong data-start=\"2556\" data-end=\"2574\">toux du chenil<\/strong><\/span> doit \u00eatre faite <span style=\"color: #ff0000;\"><strong data-start=\"2591\" data-end=\"2628\">au moins 15 jours avant le s\u00e9jour<\/strong><\/span> si c\u2019est une premi\u00e8re vaccination.<\/p>\n<\/li>\n<\/ul>\n\n\n\n<p><strong>Contact et r\u00e9servation :<\/strong><\/p>\n\n\n\n<ul class=\"wp-block-list\">\n<li>N\u2019h\u00e9sitez pas \u00e0 visiter notre pension via le lien :  <a href=\"https:\/\/leboisdavanton.fr\/?page_id=1271\" target=\"_blank\" rel=\"noreferrer noopener\">visite pension<\/a><\/li>\n<\/ul>\n\n\n\n<div class=\"wp-block-buttons is-content-justification-center is-layout-flex wp-container-core-buttons-is-layout-16018d1d wp-block-buttons-is-layout-flex\">\n<div class=\"wp-block-button\"><a class=\"wp-block-button__link has-luminous-vivid-orange-background-color has-background wp-element-button\" href=\"https:\/\/leboisdavanton.fr\/?page_id=325\" target=\"_blank\" rel=\"noreferrer noopener\">r\u00e9server votre s\u00e9jour<\/a><\/div>\n<\/div>\n\n\n\n<div style=\"height:24px\" aria-hidden=\"true\" class=\"wp-block-spacer\"><\/div>\n\n\n\n<div class=\"wp-block-buttons is-content-justification-center is-layout-flex wp-container-core-buttons-is-layout-16018d1d wp-block-buttons-is-layout-flex\">\n<div class=\"wp-block-button\"><a class=\"wp-block-button__link has-luminous-vivid-orange-background-color has-background wp-element-button\" href=\"tel:06 89 23 84 03\" target=\"_blank\" rel=\"noreferrer noopener\">contact t\u00e9l\u00e9phonique<\/a><\/div>\n<\/div>\n\n\n\n<div style=\"height:37px\" aria-hidden=\"true\" class=\"wp-block-spacer\"><\/div>\n\n\n\n<h2 class=\"wp-block-heading\">Pourquoi nous choisir ?<\/h2>\n\n\n\n<p>Pension familiale et \u00e0 taille humaine<\/p>\n\n\n\n<p>Encadrement par des professionnels exp\u00e9riment\u00e9s<\/p>\n\n\n\n<p>Cadre naturel s\u00e9curis\u00e9 et calme<\/p>\n\n\n\n<p>M\u00e9thode \u00e9ducative respectueuse et personnalis\u00e9e<\/p>\n","protected":false},"excerpt":{"rendered":"<p>Pension canine familiale \u00e0 Avanton \u2013 pr\u00e8s de Poitiers et du Futuroscope Fermeture de la pension canine pour cong\u00e9s d&rsquo;\u00e9t\u00e9 du 20 Juin 2026 11h au 03 Juillet 2026 15h Confier son chien n\u2019est jamais une d\u00e9cision facile. Dans notre pension canine \u00e0 Poitiers (86), situ\u00e9e \u00e0 Avanton, nous faisons tout pour que chaque chien&hellip; <br \/> <a class=\"read-more\" href=\"https:\/\/leboisdavanton.fr\/\">Lire la suite<\/a><\/p>\n","protected":false},"author":2,"featured_media":1304,"parent":0,"menu_order":0,"comment_status":"closed","ping_status":"closed","template":"","meta":{"ngg_post_thumbnail":0,"footnotes":""},"class_list":["post-7","page","type-page","status-publish","has-post-thumbnail","hentry"],"yoast_head":"<!-- This site is optimized with the Yoast SEO plugin v27.3 - https:\/\/yoast.com\/product\/yoast-seo-wordpress\/ -->\n<title>Pension canine \u00e0 Poitiers (86) \u2013 Avanton | Le Bois d\u2019Avanton<\/title>\n<meta name=\"description\" content=\"Pension canine familiale \u00e0 Avanton, pr\u00e8s de Poitiers (86). Cadre bois\u00e9, accueil personnalis\u00e9, sur rendez-vous.\" \/>\n<meta name=\"robots\" content=\"index, follow, max-snippet:-1, max-image-preview:large, max-video-preview:-1\" \/>\n<link rel=\"canonical\" href=\"https:\/\/leboisdavanton.fr\/\" \/>\n<meta property=\"og:locale\" content=\"fr_FR\" \/>\n<meta property=\"og:type\" content=\"article\" \/>\n<meta property=\"og:title\" content=\"Pension canine \u00e0 Poitiers (86) \u2013 Avanton | Le Bois d\u2019Avanton\" \/>\n<meta property=\"og:description\" content=\"Pension canine familiale \u00e0 Avanton, pr\u00e8s de Poitiers (86). Cadre bois\u00e9, accueil personnalis\u00e9, sur rendez-vous.\" \/>\n<meta property=\"og:url\" content=\"https:\/\/leboisdavanton.fr\/\" \/>\n<meta property=\"og:site_name\" content=\"Pension Canine Familiale-Les Bois d&#039;Avanton Poitiers-Vienne- 86\" \/>\n<meta property=\"article:modified_time\" content=\"2026-01-24T14:03:29+00:00\" \/>\n<meta property=\"og:image\" content=\"https:\/\/leboisdavanton.fr\/wp-content\/uploads\/2019\/02\/cropped-article-presse-vienne-poitiers-86000.jpg\" \/>\n\t<meta property=\"og:image:width\" content=\"200\" \/>\n\t<meta property=\"og:image:height\" content=\"110\" \/>\n\t<meta property=\"og:image:type\" content=\"image\/jpeg\" \/>\n<meta name=\"twitter:card\" content=\"summary_large_image\" \/>\n<meta name=\"twitter:label1\" content=\"Dur\u00e9e de lecture estim\u00e9e\" \/>\n\t<meta name=\"twitter:data1\" content=\"5 minutes\" \/>\n<script type=\"application\/ld+json\" class=\"yoast-schema-graph\">{\"@context\":\"https:\\\/\\\/schema.org\",\"@graph\":[{\"@type\":\"WebPage\",\"@id\":\"https:\\\/\\\/leboisdavanton.fr\\\/\",\"url\":\"https:\\\/\\\/leboisdavanton.fr\\\/\",\"name\":\"Pension canine \u00e0 Poitiers (86) \u2013 Avanton | Le Bois d\u2019Avanton\",\"isPartOf\":{\"@id\":\"https:\\\/\\\/leboisdavanton.fr\\\/#website\"},\"primaryImageOfPage\":{\"@id\":\"https:\\\/\\\/leboisdavanton.fr\\\/#primaryimage\"},\"image\":{\"@id\":\"https:\\\/\\\/leboisdavanton.fr\\\/#primaryimage\"},\"thumbnailUrl\":\"https:\\\/\\\/leboisdavanton.fr\\\/wp-content\\\/uploads\\\/2019\\\/02\\\/cropped-article-presse-vienne-poitiers-86000.jpg\",\"datePublished\":\"2019-02-28T19:43:43+00:00\",\"dateModified\":\"2026-01-24T14:03:29+00:00\",\"description\":\"Pension canine familiale \u00e0 Avanton, pr\u00e8s de Poitiers (86). Cadre bois\u00e9, accueil personnalis\u00e9, sur rendez-vous.\",\"breadcrumb\":{\"@id\":\"https:\\\/\\\/leboisdavanton.fr\\\/#breadcrumb\"},\"inLanguage\":\"fr-FR\",\"potentialAction\":[{\"@type\":\"ReadAction\",\"target\":[\"https:\\\/\\\/leboisdavanton.fr\\\/\"]}]},{\"@type\":\"ImageObject\",\"inLanguage\":\"fr-FR\",\"@id\":\"https:\\\/\\\/leboisdavanton.fr\\\/#primaryimage\",\"url\":\"https:\\\/\\\/leboisdavanton.fr\\\/wp-content\\\/uploads\\\/2019\\\/02\\\/cropped-article-presse-vienne-poitiers-86000.jpg\",\"contentUrl\":\"https:\\\/\\\/leboisdavanton.fr\\\/wp-content\\\/uploads\\\/2019\\\/02\\\/cropped-article-presse-vienne-poitiers-86000.jpg\",\"width\":200,\"height\":110},{\"@type\":\"BreadcrumbList\",\"@id\":\"https:\\\/\\\/leboisdavanton.fr\\\/#breadcrumb\",\"itemListElement\":[{\"@type\":\"ListItem\",\"position\":1,\"name\":\"Accueil\",\"item\":\"https:\\\/\\\/leboisdavanton.fr\\\/\"},{\"@type\":\"ListItem\",\"position\":2,\"name\":\"Pension canine \u00e0 Avanton pr\u00e8s de Poitiers et du Futuroscope\"}]},{\"@type\":\"WebSite\",\"@id\":\"https:\\\/\\\/leboisdavanton.fr\\\/#website\",\"url\":\"https:\\\/\\\/leboisdavanton.fr\\\/\",\"name\":\"Pension Canine Familiale-Les Bois d'avanton Poitiers-Vienne- 86\",\"description\":\"Pension pour Chien situ\u00e9e sur AVANTON dans un cadre bois\u00e9 de 2 hectares,dispose d\u2019un grand parc de d\u00e9tente de 600m2 dans la VIENNE (86) \u00e0 5 minutes du FUTUROSCOPE\",\"publisher\":{\"@id\":\"https:\\\/\\\/leboisdavanton.fr\\\/#organization\"},\"potentialAction\":[{\"@type\":\"SearchAction\",\"target\":{\"@type\":\"EntryPoint\",\"urlTemplate\":\"https:\\\/\\\/leboisdavanton.fr\\\/?s={search_term_string}\"},\"query-input\":{\"@type\":\"PropertyValueSpecification\",\"valueRequired\":true,\"valueName\":\"search_term_string\"}}],\"inLanguage\":\"fr-FR\"},{\"@type\":\"Organization\",\"@id\":\"https:\\\/\\\/leboisdavanton.fr\\\/#organization\",\"name\":\"Pension Canine Familiale-Les Bois d'avanton Poitiers-Vienne- 86\",\"url\":\"https:\\\/\\\/leboisdavanton.fr\\\/\",\"logo\":{\"@type\":\"ImageObject\",\"inLanguage\":\"fr-FR\",\"@id\":\"https:\\\/\\\/leboisdavanton.fr\\\/#\\\/schema\\\/logo\\\/image\\\/\",\"url\":\"https:\\\/\\\/leboisdavanton.fr\\\/wp-content\\\/uploads\\\/2019\\\/02\\\/article-presse-vienne-poitiers-86000.jpg\",\"contentUrl\":\"https:\\\/\\\/leboisdavanton.fr\\\/wp-content\\\/uploads\\\/2019\\\/02\\\/article-presse-vienne-poitiers-86000.jpg\",\"width\":1020,\"height\":573,\"caption\":\"Pension Canine Familiale-Les Bois d'avanton Poitiers-Vienne- 86\"},\"image\":{\"@id\":\"https:\\\/\\\/leboisdavanton.fr\\\/#\\\/schema\\\/logo\\\/image\\\/\"}}]}<\/script>\n<!-- \/ Yoast SEO plugin. -->","yoast_head_json":{"title":"Pension canine \u00e0 Poitiers (86) \u2013 Avanton | Le Bois d\u2019Avanton","description":"Pension canine familiale \u00e0 Avanton, pr\u00e8s de Poitiers (86). Cadre bois\u00e9, accueil personnalis\u00e9, sur rendez-vous.","robots":{"index":"index","follow":"follow","max-snippet":"max-snippet:-1","max-image-preview":"max-image-preview:large","max-video-preview":"max-video-preview:-1"},"canonical":"https:\/\/leboisdavanton.fr\/","og_locale":"fr_FR","og_type":"article","og_title":"Pension canine \u00e0 Poitiers (86) \u2013 Avanton | Le Bois d\u2019Avanton","og_description":"Pension canine familiale \u00e0 Avanton, pr\u00e8s de Poitiers (86). Cadre bois\u00e9, accueil personnalis\u00e9, sur rendez-vous.","og_url":"https:\/\/leboisdavanton.fr\/","og_site_name":"Pension Canine Familiale-Les Bois d&#039;Avanton Poitiers-Vienne- 86","article_modified_time":"2026-01-24T14:03:29+00:00","og_image":[{"width":200,"height":110,"url":"https:\/\/leboisdavanton.fr\/wp-content\/uploads\/2019\/02\/cropped-article-presse-vienne-poitiers-86000.jpg","type":"image\/jpeg"}],"twitter_card":"summary_large_image","twitter_misc":{"Dur\u00e9e de lecture estim\u00e9e":"5 minutes"},"schema":{"@context":"https:\/\/schema.org","@graph":[{"@type":"WebPage","@id":"https:\/\/leboisdavanton.fr\/","url":"https:\/\/leboisdavanton.fr\/","name":"Pension canine \u00e0 Poitiers (86) \u2013 Avanton | Le Bois d\u2019Avanton","isPartOf":{"@id":"https:\/\/leboisdavanton.fr\/#website"},"primaryImageOfPage":{"@id":"https:\/\/leboisdavanton.fr\/#primaryimage"},"image":{"@id":"https:\/\/leboisdavanton.fr\/#primaryimage"},"thumbnailUrl":"https:\/\/leboisdavanton.fr\/wp-content\/uploads\/2019\/02\/cropped-article-presse-vienne-poitiers-86000.jpg","datePublished":"2019-02-28T19:43:43+00:00","dateModified":"2026-01-24T14:03:29+00:00","description":"Pension canine familiale \u00e0 Avanton, pr\u00e8s de Poitiers (86). Cadre bois\u00e9, accueil personnalis\u00e9, sur rendez-vous.","breadcrumb":{"@id":"https:\/\/leboisdavanton.fr\/#breadcrumb"},"inLanguage":"fr-FR","potentialAction":[{"@type":"ReadAction","target":["https:\/\/leboisdavanton.fr\/"]}]},{"@type":"ImageObject","inLanguage":"fr-FR","@id":"https:\/\/leboisdavanton.fr\/#primaryimage","url":"https:\/\/leboisdavanton.fr\/wp-content\/uploads\/2019\/02\/cropped-article-presse-vienne-poitiers-86000.jpg","contentUrl":"https:\/\/leboisdavanton.fr\/wp-content\/uploads\/2019\/02\/cropped-article-presse-vienne-poitiers-86000.jpg","width":200,"height":110},{"@type":"BreadcrumbList","@id":"https:\/\/leboisdavanton.fr\/#breadcrumb","itemListElement":[{"@type":"ListItem","position":1,"name":"Accueil","item":"https:\/\/leboisdavanton.fr\/"},{"@type":"ListItem","position":2,"name":"Pension canine \u00e0 Avanton pr\u00e8s de Poitiers et du Futuroscope"}]},{"@type":"WebSite","@id":"https:\/\/leboisdavanton.fr\/#website","url":"https:\/\/leboisdavanton.fr\/","name":"Pension Canine Familiale-Les Bois d'avanton Poitiers-Vienne- 86","description":"Pension pour Chien situ\u00e9e sur AVANTON dans un cadre bois\u00e9 de 2 hectares,dispose d\u2019un grand parc de d\u00e9tente de 600m2 dans la VIENNE (86) \u00e0 5 minutes du FUTUROSCOPE","publisher":{"@id":"https:\/\/leboisdavanton.fr\/#organization"},"potentialAction":[{"@type":"SearchAction","target":{"@type":"EntryPoint","urlTemplate":"https:\/\/leboisdavanton.fr\/?s={search_term_string}"},"query-input":{"@type":"PropertyValueSpecification","valueRequired":true,"valueName":"search_term_string"}}],"inLanguage":"fr-FR"},{"@type":"Organization","@id":"https:\/\/leboisdavanton.fr\/#organization","name":"Pension Canine Familiale-Les Bois d'avanton Poitiers-Vienne- 86","url":"https:\/\/leboisdavanton.fr\/","logo":{"@type":"ImageObject","inLanguage":"fr-FR","@id":"https:\/\/leboisdavanton.fr\/#\/schema\/logo\/image\/","url":"https:\/\/leboisdavanton.fr\/wp-content\/uploads\/2019\/02\/article-presse-vienne-poitiers-86000.jpg","contentUrl":"https:\/\/leboisdavanton.fr\/wp-content\/uploads\/2019\/02\/article-presse-vienne-poitiers-86000.jpg","width":1020,"height":573,"caption":"Pension Canine Familiale-Les Bois d'avanton Poitiers-Vienne- 86"},"image":{"@id":"https:\/\/leboisdavanton.fr\/#\/schema\/logo\/image\/"}}]}},"_links":{"self":[{"href":"https:\/\/leboisdavanton.fr\/index.php?rest_route=\/wp\/v2\/pages\/7","targetHints":{"allow":["GET"]}}],"collection":[{"href":"https:\/\/leboisdavanton.fr\/index.php?rest_route=\/wp\/v2\/pages"}],"about":[{"href":"https:\/\/leboisdavanton.fr\/index.php?rest_route=\/wp\/v2\/types\/page"}],"author":[{"embeddable":true,"href":"https:\/\/leboisdavanton.fr\/index.php?rest_route=\/wp\/v2\/users\/2"}],"replies":[{"embeddable":true,"href":"https:\/\/leboisdavanton.fr\/index.php?rest_route=%2Fwp%2Fv2%2Fcomments&post=7"}],"version-history":[{"count":144,"href":"https:\/\/leboisdavanton.fr\/index.php?rest_route=\/wp\/v2\/pages\/7\/revisions"}],"predecessor-version":[{"id":1410,"href":"https:\/\/leboisdavanton.fr\/index.php?rest_route=\/wp\/v2\/pages\/7\/revisions\/1410"}],"wp:featuredmedia":[{"embeddable":true,"href":"https:\/\/leboisdavanton.fr\/index.php?rest_route=\/wp\/v2\/media\/1304"}],"wp:attachment":[{"href":"https:\/\/leboisdavanton.fr\/index.php?rest_route=%2Fwp%2Fv2%2Fmedia&parent=7"}],"curies":[{"name":"wp","href":"https:\/\/api.w.org\/{rel}","templated":true}]}}